{"id":8,"date":"2024-07-17T18:43:06","date_gmt":"2024-07-17T18:43:06","guid":{"rendered":"https:\/\/rax.dst.mybluehost.me\/website_7fbed331\/contact\/"},"modified":"2024-09-06T15:36:47","modified_gmt":"2024-09-06T15:36:47","slug":"contactanos","status":"publish","type":"page","link":"https:\/\/farmaciacubana.net\/en\/contactanos\/","title":{"rendered":"Contact Us"},"content":{"rendered":"\t\t<div data-elementor-type=\"wp-page\" data-elementor-id=\"8\" class=\"elementor elementor-8\">\n\t\t\t\t<div class=\"elementor-element elementor-element-df66985 e-flex e-con-boxed e-con e-parent\" data-id=\"df66985\" data-element_type=\"container\" data-e-type=\"container\">\n\t\t\t\t\t<div class=\"e-con-inner\">\n\t\t<div class=\"elementor-element elementor-element-1cccb57 e-con-full e-flex e-con e-child\" data-id=\"1cccb57\" data-element_type=\"container\" data-e-type=\"container\">\n\t\t\t\t<div class=\"elementor-element elementor-element-19eaf00 elementor-widget elementor-widget-text-editor\" data-id=\"19eaf00\" data-element_type=\"widget\" data-e-type=\"widget\" data-widget_type=\"text-editor.default\">\n\t\t\t\t<div class=\"elementor-widget-container\">\n\t\t\t\t\t\t\t\t\t<h4 class=\"elementor-heading-title elementor-size-default\">Nos encantar\u00eda saber de ti. Estamos aqu\u00ed para responder sus preguntas, escuchar sus sugerencias y ayudarlo con sus prescripciones.<\/h4>\t\t\t\t\t\t\t\t<\/div>\n\t\t\t\t<\/div>\n\t\t\t\t<div class=\"elementor-element elementor-element-6497662 elementor-widget elementor-widget-wpforms\" data-id=\"6497662\" data-element_type=\"widget\" data-e-type=\"widget\" data-widget_type=\"wpforms.default\">\n\t\t\t\t<div class=\"elementor-widget-container\">\n\t\t\t\t\t<div class=\"wpforms-container wpforms-container-full wpforms-render-modern\" id=\"wpforms-243\"><form id=\"wpforms-form-243\" class=\"wpforms-validate wpforms-form wpforms-ajax-form\" data-formid=\"243\" method=\"post\" enctype=\"multipart\/form-data\" action=\"\/en\/wp-json\/wp\/v2\/pages\/8\" data-token=\"94681cd5913f6f08fb802585815ae3d4\" data-token-time=\"1777800930\"><noscript class=\"wpforms-error-noscript\">Please enable JavaScript in your browser to complete this form.<\/noscript><div id=\"wpforms-error-noscript\" style=\"display: none;\">Please enable JavaScript in your browser to complete this form.<\/div><div class=\"wpforms-field-container\"><div id=\"wpforms-243-field_1-container\" class=\"wpforms-field wpforms-field-name\" data-field-id=\"1\"><fieldset><legend class=\"wpforms-field-label\">Nombre <span class=\"wpforms-required-label\" aria-hidden=\"true\">*<\/span><\/legend><div class=\"wpforms-field-row wpforms-field-medium\"><div class=\"wpforms-field-row-block wpforms-first wpforms-one-half\"><input type=\"text\" id=\"wpforms-243-field_1\" class=\"wpforms-field-name-first wpforms-field-required\" name=\"wpforms[fields][1][first]\" aria-errormessage=\"wpforms-243-field_1-error\" required><label for=\"wpforms-243-field_1\" class=\"wpforms-field-sublabel after wpforms-sublabel-hide\">First<\/label><\/div><div class=\"wpforms-field-row-block wpforms-one-half\"><input type=\"text\" id=\"wpforms-243-field_1-last\" class=\"wpforms-field-name-last wpforms-field-required\" name=\"wpforms[fields][1][last]\" aria-errormessage=\"wpforms-243-field_1-last-error\" required><label for=\"wpforms-243-field_1-last\" class=\"wpforms-field-sublabel after wpforms-sublabel-hide\">Last<\/label><\/div><\/div><\/fieldset><\/div>\t\t<div id=\"wpforms-243-field_4-container\"\n\t\t\tclass=\"wpforms-field wpforms-field-text\"\n\t\t\tdata-field-type=\"text\"\n\t\t\tdata-field-id=\"4\"\n\t\t\t>\n\t\t\t<label class=\"wpforms-field-label\" for=\"wpforms-243-field_4\" >Nombre Tel\u00e9fono Email<\/label>\n\t\t\t<input type=\"text\" id=\"wpforms-243-field_4\" class=\"wpforms-field-medium\" name=\"wpforms[fields][4]\" >\n\t\t<\/div>\n\t\t<div id=\"wpforms-243-field_5-container\" class=\"wpforms-field wpforms-field-text\" data-field-id=\"5\"><label class=\"wpforms-field-label\" for=\"wpforms-243-field_5\">Tel\u00e9fono <span class=\"wpforms-required-label\" aria-hidden=\"true\">*<\/span><\/label><input type=\"text\" id=\"wpforms-243-field_5\" class=\"wpforms-field-medium wpforms-field-required wpforms-masked-input\" data-rule-inputmask-incomplete=\"1\" data-inputmask-mask=\"(999)999-9999\" name=\"wpforms[fields][5]\" aria-errormessage=\"wpforms-243-field_5-error\" required><\/div><div id=\"wpforms-243-field_2-container\" class=\"wpforms-field wpforms-field-email\" data-field-id=\"2\"><label class=\"wpforms-field-label\" for=\"wpforms-243-field_2\">Email<\/label><input type=\"email\" id=\"wpforms-243-field_2\" class=\"wpforms-field-medium\" name=\"wpforms[fields][2]\" spellcheck=\"false\" aria-errormessage=\"wpforms-243-field_2-error\" ><\/div><div id=\"wpforms-243-field_3-container\" class=\"wpforms-field wpforms-field-textarea\" data-field-id=\"3\"><label class=\"wpforms-field-label\" for=\"wpforms-243-field_3\">Comentario <span class=\"wpforms-required-label\" aria-hidden=\"true\">*<\/span><\/label><textarea id=\"wpforms-243-field_3\" class=\"wpforms-field-medium wpforms-field-required\" name=\"wpforms[fields][3]\" aria-errormessage=\"wpforms-243-field_3-error\" required><\/textarea><\/div><script>\n\t\t\t\t( function() {\n\t\t\t\t\tconst style = document.createElement( 'style' );\n\t\t\t\t\tstyle.appendChild( document.createTextNode( '#wpforms-243-field_4-container { position: absolute !important; overflow: hidden !important; display: inline !important; height: 1px !important; width: 1px !important; z-index: -1000 !important; padding: 0 !important; } #wpforms-243-field_4-container input { visibility: hidden; } #wpforms-conversational-form-page #wpforms-243-field_4-container label { counter-increment: none; }' ) );\n\t\t\t\t\tdocument.head.appendChild( style );\n\t\t\t\t\tdocument.currentScript?.remove();\n\t\t\t\t} )();\n\t\t\t<\/script><\/div><!-- .wpforms-field-container --><div class=\"wpforms-submit-container\" ><input type=\"hidden\" name=\"wpforms[id]\" value=\"243\"><input type=\"hidden\" name=\"page_title\" value=\"\"><input type=\"hidden\" name=\"page_url\" value=\"https:\/\/farmaciacubana.net\/en\/wp-json\/wp\/v2\/pages\/8\"><input type=\"hidden\" name=\"url_referer\" value=\"\"><button type=\"submit\" name=\"wpforms[submit]\" id=\"wpforms-submit-243\" class=\"wpforms-submit\" data-alt-text=\"Enviando...\" data-submit-text=\"Enviar\" aria-live=\"assertive\" value=\"wpforms-submit\">Enviar<\/button><img decoding=\"async\" src=\"https:\/\/farmaciacubana.net\/wp-content\/plugins\/wpforms-lite\/assets\/images\/submit-spin.svg\" class=\"wpforms-submit-spinner\" style=\"display: none;\" width=\"26\" height=\"26\" alt=\"Loading\"><\/div><\/form><\/div>  <!-- .wpforms-container -->\t\t\t\t<\/div>\n\t\t\t\t<\/div>\n\t\t\t\t<\/div>\n\t\t<div class=\"elementor-element elementor-element-0b1331e e-con-full e-flex e-con e-child\" data-id=\"0b1331e\" data-element_type=\"container\" data-e-type=\"container\">\n\t\t\t\t<div class=\"elementor-element elementor-element-eb49a2c elementor-widget elementor-widget-image\" data-id=\"eb49a2c\" data-element_type=\"widget\" data-e-type=\"widget\" data-widget_type=\"image.default\">\n\t\t\t\t<div class=\"elementor-widget-container\">\n\t\t\t\t\t\t\t\t\t\t\t\t\t\t\t<img decoding=\"async\" src=\"https:\/\/i0.wp.com\/farmaciacubana.net\/wp-content\/uploads\/2024\/08\/58826402.jpg?fit=1024%2C1024&amp;ssl=1\" class=\"attachment-large size-large wp-image-277\" alt=\"contact us\" \/>\t\t\t\t\t\t\t\t\t\t\t\t\t\t\t<\/div>\n\t\t\t\t<\/div>\n\t\t\t\t<\/div>\n\t\t\t\t\t<\/div>\n\t\t\t\t<\/div>\n\t\t<div class=\"elementor-element elementor-element-57cd0f2 e-flex e-con-boxed e-con e-child\" data-id=\"57cd0f2\" data-element_type=\"container\" data-e-type=\"container\">\n\t\t\t\t\t<div class=\"e-con-inner\">\n\t\t\t\t<div class=\"elementor-element elementor-element-68b1f95 elementor-widget__width-initial elementor-widget-mobile__width-inherit elementor-widget elementor-widget-icon-box\" data-id=\"68b1f95\" data-element_type=\"widget\" data-e-type=\"widget\" data-widget_type=\"icon-box.default\">\n\t\t\t\t<div class=\"elementor-widget-container\">\n\t\t\t\t\t\t\t<div class=\"elementor-icon-box-wrapper\">\n\n\t\t\t\n\t\t\t\t\t\t<div class=\"elementor-icon-box-content\">\n\n\t\t\t\t\t\t\t\t\t<h3 class=\"elementor-icon-box-title\">\n\t\t\t\t\t\t<span  >\n\t\t\t\t\t\t\tDirecci\u00f3n\t\t\t\t\t\t<\/span>\n\t\t\t\t\t<\/h3>\n\t\t\t\t\n\t\t\t\t\t\t\t\t\t<p class=\"elementor-icon-box-description\">\n\t\t\t\t\t\t2218 S Jog Rd, Greenacres, FL 33415\t\t\t\t\t<\/p>\n\t\t\t\t\n\t\t\t<\/div>\n\t\t\t\n\t\t<\/div>\n\t\t\t\t\t\t<\/div>\n\t\t\t\t<\/div>\n\t\t\t\t<div class=\"elementor-element elementor-element-6b940d6 elementor-widget__width-initial elementor-widget-mobile__width-inherit elementor-widget elementor-widget-icon-box\" data-id=\"6b940d6\" data-element_type=\"widget\" data-e-type=\"widget\" data-widget_type=\"icon-box.default\">\n\t\t\t\t<div class=\"elementor-widget-container\">\n\t\t\t\t\t\t\t<div class=\"elementor-icon-box-wrapper\">\n\n\t\t\t\n\t\t\t\t\t\t<div class=\"elementor-icon-box-content\">\n\n\t\t\t\t\t\t\t\t\t<h3 class=\"elementor-icon-box-title\">\n\t\t\t\t\t\t<span  >\n\t\t\t\t\t\t\tCont\u00e1ctanos\t\t\t\t\t\t<\/span>\n\t\t\t\t\t<\/h3>\n\t\t\t\t\n\t\t\t\t\t\t\t\t\t<p class=\"elementor-icon-box-description\">\n\t\t\t\t\t\t561-729-0857<br>\nadmin@farmaciacubana.net\t\t\t\t\t<\/p>\n\t\t\t\t\n\t\t\t<\/div>\n\t\t\t\n\t\t<\/div>\n\t\t\t\t\t\t<\/div>\n\t\t\t\t<\/div>\n\t\t\t\t<div class=\"elementor-element elementor-element-2ad76bb elementor-widget__width-initial elementor-widget-mobile__width-inherit elementor-widget elementor-widget-icon-box\" data-id=\"2ad76bb\" data-element_type=\"widget\" data-e-type=\"widget\" data-widget_type=\"icon-box.default\">\n\t\t\t\t<div class=\"elementor-widget-container\">\n\t\t\t\t\t\t\t<div class=\"elementor-icon-box-wrapper\">\n\n\t\t\t\n\t\t\t\t\t\t<div class=\"elementor-icon-box-content\">\n\n\t\t\t\t\t\t\t\t\t<h3 class=\"elementor-icon-box-title\">\n\t\t\t\t\t\t<span  >\n\t\t\t\t\t\t\tHorario\t\t\t\t\t\t<\/span>\n\t\t\t\t\t<\/h3>\n\t\t\t\t\n\t\t\t\t\t\t\t\t\t<p class=\"elementor-icon-box-description\">\n\t\t\t\t\t\tLunes a Viernes: 9:00 a.m. - 6:00 p.m.\nS\u00e1bados: 11:00 a.m. - 3:00 p.m.\n\t\t\t\t\t<\/p>\n\t\t\t\t\n\t\t\t<\/div>\n\t\t\t\n\t\t<\/div>\n\t\t\t\t\t\t<\/div>\n\t\t\t\t<\/div>\n\t\t\t\t\t<\/div>\n\t\t\t\t<\/div>\n\t\t<div class=\"elementor-element elementor-element-2a533be e-flex e-con-boxed e-con e-parent\" data-id=\"2a533be\" data-element_type=\"container\" data-e-type=\"container\">\n\t\t\t\t\t<div class=\"e-con-inner\">\n\t\t\t\t<div class=\"elementor-element elementor-element-b61c288 elementor-widget elementor-widget-google_maps\" data-id=\"b61c288\" data-element_type=\"widget\" data-e-type=\"widget\" data-widget_type=\"google_maps.default\">\n\t\t\t\t<div class=\"elementor-widget-container\">\n\t\t\t\t\t\t\t<div class=\"elementor-custom-embed\">\n\t\t\t<iframe loading=\"lazy\"\n\t\t\t\t\tsrc=\"https:\/\/maps.google.com\/maps?q=2218%20S%20Jog%20Rd%2C%20Greenacres%2C%20Fl%2033415&#038;t=m&#038;z=14&#038;output=embed&#038;iwloc=near\"\n\t\t\t\t\ttitle=\"2218 S Jog Rd, Greenacres, Fl 33415\"\n\t\t\t\t\taria-label=\"2218 S Jog Rd, Greenacres, Fl 33415\"\n\t\t\t><\/iframe>\n\t\t<\/div>\n\t\t\t\t\t\t<\/div>\n\t\t\t\t<\/div>\n\t\t\t\t\t<\/div>\n\t\t\t\t<\/div>\n\t\t\t\t<\/div>\n\t\t","protected":false},"excerpt":{"rendered":"<p>Nos encantar\u00eda saber de ti. Estamos aqu\u00ed para responder sus preguntas, escuchar sus sugerencias y ayudarlo con sus prescripciones. Please enable JavaScript in your browser to complete this form.Please enable JavaScript in your browser to complete this form. Nombre * FirstLast Tel\u00e9fono *EmailComentario * Enviar Direcci\u00f3n 2218 S Jog Rd, Greenacres, FL 33415 Cont\u00e1ctanos 561-729-0857 [&hellip;]<\/p>\n","protected":false},"author":1,"featured_media":0,"parent":0,"menu_order":0,"comment_status":"closed","ping_status":"closed","template":"","meta":{"nf_dc_page":"","om_disable_all_campaigns":false,"_monsterinsights_skip_tracking":false,"_monsterinsights_sitenote_active":false,"_monsterinsights_sitenote_note":"","_monsterinsights_sitenote_category":0,"footnotes":""},"class_list":["post-8","page","type-page","status-publish","hentry"],"yoast_head":"<!-- This site is optimized with the Yoast SEO plugin v27.5 - https:\/\/yoast.com\/product\/yoast-seo-wordpress\/ -->\n<title>Cont\u00e1ctanos - Farmacia Cubana de Palm Beach<\/title>\n<meta name=\"robots\" content=\"index, follow, max-snippet:-1, max-image-preview:large, max-video-preview:-1\" \/>\n<link rel=\"canonical\" href=\"https:\/\/farmaciacubana.net\/en\/contactanos\/\" \/>\n<meta property=\"og:locale\" content=\"en_US\" \/>\n<meta property=\"og:type\" content=\"article\" \/>\n<meta property=\"og:title\" content=\"Cont\u00e1ctanos - Farmacia Cubana de Palm Beach\" \/>\n<meta property=\"og:description\" content=\"Nos encantar\u00eda saber de ti. Estamos aqu\u00ed para responder sus preguntas, escuchar sus sugerencias y ayudarlo con sus prescripciones. Please enable JavaScript in your browser to complete this form.Please enable JavaScript in your browser to complete this form. Nombre * FirstLast Tel\u00e9fono *EmailComentario * Enviar Direcci\u00f3n 2218 S Jog Rd, Greenacres, FL 33415 Cont\u00e1ctanos 561-729-0857 [&hellip;]\" \/>\n<meta property=\"og:url\" content=\"https:\/\/farmaciacubana.net\/en\/contactanos\/\" \/>\n<meta property=\"og:site_name\" content=\"Farmacia Cubana de Palm Beach\" \/>\n<meta property=\"article:modified_time\" content=\"2024-09-06T15:36:47+00:00\" \/>\n<meta property=\"og:image\" content=\"https:\/\/farmaciacubana.net\/wp-content\/plugins\/wpforms-lite\/assets\/images\/submit-spin.svg\" \/>\n<meta name=\"twitter:card\" content=\"summary_large_image\" \/>\n<meta name=\"twitter:label1\" content=\"Est. reading time\" \/>\n\t<meta name=\"twitter:data1\" content=\"1 minute\" \/>\n<script type=\"application\/ld+json\" class=\"yoast-schema-graph\">{\"@context\":\"https:\\\/\\\/schema.org\",\"@graph\":[{\"@type\":\"WebPage\",\"@id\":\"https:\\\/\\\/farmaciacubana.net\\\/contactanos\\\/\",\"url\":\"https:\\\/\\\/farmaciacubana.net\\\/contactanos\\\/\",\"name\":\"Cont\u00e1ctanos - Farmacia Cubana de Palm Beach\",\"isPartOf\":{\"@id\":\"https:\\\/\\\/rax.dst.mybluehost.me\\\/website_7fbed331\\\/#website\"},\"primaryImageOfPage\":{\"@id\":\"https:\\\/\\\/farmaciacubana.net\\\/contactanos\\\/#primaryimage\"},\"image\":{\"@id\":\"https:\\\/\\\/farmaciacubana.net\\\/contactanos\\\/#primaryimage\"},\"thumbnailUrl\":\"https:\\\/\\\/farmaciacubana.net\\\/wp-content\\\/plugins\\\/wpforms-lite\\\/assets\\\/images\\\/submit-spin.svg\",\"datePublished\":\"2024-07-17T18:43:06+00:00\",\"dateModified\":\"2024-09-06T15:36:47+00:00\",\"breadcrumb\":{\"@id\":\"https:\\\/\\\/farmaciacubana.net\\\/contactanos\\\/#breadcrumb\"},\"inLanguage\":\"en-US\",\"potentialAction\":[{\"@type\":\"ReadAction\",\"target\":[\"https:\\\/\\\/farmaciacubana.net\\\/contactanos\\\/\"]}]},{\"@type\":\"ImageObject\",\"inLanguage\":\"en-US\",\"@id\":\"https:\\\/\\\/farmaciacubana.net\\\/contactanos\\\/#primaryimage\",\"url\":\"https:\\\/\\\/farmaciacubana.net\\\/wp-content\\\/plugins\\\/wpforms-lite\\\/assets\\\/images\\\/submit-spin.svg\",\"contentUrl\":\"https:\\\/\\\/farmaciacubana.net\\\/wp-content\\\/plugins\\\/wpforms-lite\\\/assets\\\/images\\\/submit-spin.svg\"},{\"@type\":\"BreadcrumbList\",\"@id\":\"https:\\\/\\\/farmaciacubana.net\\\/contactanos\\\/#breadcrumb\",\"itemListElement\":[{\"@type\":\"ListItem\",\"position\":1,\"name\":\"Home\",\"item\":\"https:\\\/\\\/farmaciacubana.net\\\/\"},{\"@type\":\"ListItem\",\"position\":2,\"name\":\"Cont\u00e1ctanos\"}]},{\"@type\":\"WebSite\",\"@id\":\"https:\\\/\\\/rax.dst.mybluehost.me\\\/website_7fbed331\\\/#website\",\"url\":\"https:\\\/\\\/rax.dst.mybluehost.me\\\/website_7fbed331\\\/\",\"name\":\"Farmacia Cubana de Palm Beach\",\"description\":\"\",\"publisher\":{\"@id\":\"https:\\\/\\\/rax.dst.mybluehost.me\\\/website_7fbed331\\\/#organization\"},\"potentialAction\":[{\"@type\":\"SearchAction\",\"target\":{\"@type\":\"EntryPoint\",\"urlTemplate\":\"https:\\\/\\\/rax.dst.mybluehost.me\\\/website_7fbed331\\\/?s={search_term_string}\"},\"query-input\":{\"@type\":\"PropertyValueSpecification\",\"valueRequired\":true,\"valueName\":\"search_term_string\"}}],\"inLanguage\":\"en-US\"},{\"@type\":\"Organization\",\"@id\":\"https:\\\/\\\/rax.dst.mybluehost.me\\\/website_7fbed331\\\/#organization\",\"name\":\"Farmacia Cubana de Palm Beach\",\"url\":\"https:\\\/\\\/rax.dst.mybluehost.me\\\/website_7fbed331\\\/\",\"logo\":{\"@type\":\"ImageObject\",\"inLanguage\":\"en-US\",\"@id\":\"https:\\\/\\\/rax.dst.mybluehost.me\\\/website_7fbed331\\\/#\\\/schema\\\/logo\\\/image\\\/\",\"url\":\"https:\\\/\\\/i0.wp.com\\\/farmaciacubana.net\\\/wp-content\\\/uploads\\\/2024\\\/07\\\/logo-farmacia-cubana.png?fit=556%2C136&ssl=1\",\"contentUrl\":\"https:\\\/\\\/i0.wp.com\\\/farmaciacubana.net\\\/wp-content\\\/uploads\\\/2024\\\/07\\\/logo-farmacia-cubana.png?fit=556%2C136&ssl=1\",\"width\":556,\"height\":136,\"caption\":\"Farmacia Cubana de Palm Beach\"},\"image\":{\"@id\":\"https:\\\/\\\/rax.dst.mybluehost.me\\\/website_7fbed331\\\/#\\\/schema\\\/logo\\\/image\\\/\"}}]}<\/script>\n<!-- \/ Yoast SEO plugin. -->","yoast_head_json":{"title":"Cont\u00e1ctanos - Farmacia Cubana de Palm Beach","robots":{"index":"index","follow":"follow","max-snippet":"max-snippet:-1","max-image-preview":"max-image-preview:large","max-video-preview":"max-video-preview:-1"},"canonical":"https:\/\/farmaciacubana.net\/en\/contactanos\/","og_locale":"en_US","og_type":"article","og_title":"Cont\u00e1ctanos - Farmacia Cubana de Palm Beach","og_description":"Nos encantar\u00eda saber de ti. Estamos aqu\u00ed para responder sus preguntas, escuchar sus sugerencias y ayudarlo con sus prescripciones. Please enable JavaScript in your browser to complete this form.Please enable JavaScript in your browser to complete this form. Nombre * FirstLast Tel\u00e9fono *EmailComentario * Enviar Direcci\u00f3n 2218 S Jog Rd, Greenacres, FL 33415 Cont\u00e1ctanos 561-729-0857 [&hellip;]","og_url":"https:\/\/farmaciacubana.net\/en\/contactanos\/","og_site_name":"Farmacia Cubana de Palm Beach","article_modified_time":"2024-09-06T15:36:47+00:00","og_image":[{"url":"https:\/\/farmaciacubana.net\/wp-content\/plugins\/wpforms-lite\/assets\/images\/submit-spin.svg","type":"","width":"","height":""}],"twitter_card":"summary_large_image","twitter_misc":{"Est. reading time":"1 minute"},"schema":{"@context":"https:\/\/schema.org","@graph":[{"@type":"WebPage","@id":"https:\/\/farmaciacubana.net\/contactanos\/","url":"https:\/\/farmaciacubana.net\/contactanos\/","name":"Cont\u00e1ctanos - Farmacia Cubana de Palm Beach","isPartOf":{"@id":"https:\/\/rax.dst.mybluehost.me\/website_7fbed331\/#website"},"primaryImageOfPage":{"@id":"https:\/\/farmaciacubana.net\/contactanos\/#primaryimage"},"image":{"@id":"https:\/\/farmaciacubana.net\/contactanos\/#primaryimage"},"thumbnailUrl":"https:\/\/farmaciacubana.net\/wp-content\/plugins\/wpforms-lite\/assets\/images\/submit-spin.svg","datePublished":"2024-07-17T18:43:06+00:00","dateModified":"2024-09-06T15:36:47+00:00","breadcrumb":{"@id":"https:\/\/farmaciacubana.net\/contactanos\/#breadcrumb"},"inLanguage":"en-US","potentialAction":[{"@type":"ReadAction","target":["https:\/\/farmaciacubana.net\/contactanos\/"]}]},{"@type":"ImageObject","inLanguage":"en-US","@id":"https:\/\/farmaciacubana.net\/contactanos\/#primaryimage","url":"https:\/\/farmaciacubana.net\/wp-content\/plugins\/wpforms-lite\/assets\/images\/submit-spin.svg","contentUrl":"https:\/\/farmaciacubana.net\/wp-content\/plugins\/wpforms-lite\/assets\/images\/submit-spin.svg"},{"@type":"BreadcrumbList","@id":"https:\/\/farmaciacubana.net\/contactanos\/#breadcrumb","itemListElement":[{"@type":"ListItem","position":1,"name":"Home","item":"https:\/\/farmaciacubana.net\/"},{"@type":"ListItem","position":2,"name":"Cont\u00e1ctanos"}]},{"@type":"WebSite","@id":"https:\/\/rax.dst.mybluehost.me\/website_7fbed331\/#website","url":"https:\/\/rax.dst.mybluehost.me\/website_7fbed331\/","name":"Farmacia Cubana de Palm Beach","description":"","publisher":{"@id":"https:\/\/rax.dst.mybluehost.me\/website_7fbed331\/#organization"},"potentialAction":[{"@type":"SearchAction","target":{"@type":"EntryPoint","urlTemplate":"https:\/\/rax.dst.mybluehost.me\/website_7fbed331\/?s={search_term_string}"},"query-input":{"@type":"PropertyValueSpecification","valueRequired":true,"valueName":"search_term_string"}}],"inLanguage":"en-US"},{"@type":"Organization","@id":"https:\/\/rax.dst.mybluehost.me\/website_7fbed331\/#organization","name":"Farmacia Cubana de Palm Beach","url":"https:\/\/rax.dst.mybluehost.me\/website_7fbed331\/","logo":{"@type":"ImageObject","inLanguage":"en-US","@id":"https:\/\/rax.dst.mybluehost.me\/website_7fbed331\/#\/schema\/logo\/image\/","url":"https:\/\/i0.wp.com\/farmaciacubana.net\/wp-content\/uploads\/2024\/07\/logo-farmacia-cubana.png?fit=556%2C136&ssl=1","contentUrl":"https:\/\/i0.wp.com\/farmaciacubana.net\/wp-content\/uploads\/2024\/07\/logo-farmacia-cubana.png?fit=556%2C136&ssl=1","width":556,"height":136,"caption":"Farmacia Cubana de Palm Beach"},"image":{"@id":"https:\/\/rax.dst.mybluehost.me\/website_7fbed331\/#\/schema\/logo\/image\/"}}]}},"jetpack_sharing_enabled":true,"_links":{"self":[{"href":"https:\/\/farmaciacubana.net\/en\/wp-json\/wp\/v2\/pages\/8","targetHints":{"allow":["GET"]}}],"collection":[{"href":"https:\/\/farmaciacubana.net\/en\/wp-json\/wp\/v2\/pages"}],"about":[{"href":"https:\/\/farmaciacubana.net\/en\/wp-json\/wp\/v2\/types\/page"}],"author":[{"embeddable":true,"href":"https:\/\/farmaciacubana.net\/en\/wp-json\/wp\/v2\/users\/1"}],"replies":[{"embeddable":true,"href":"https:\/\/farmaciacubana.net\/en\/wp-json\/wp\/v2\/comments?post=8"}],"version-history":[{"count":5,"href":"https:\/\/farmaciacubana.net\/en\/wp-json\/wp\/v2\/pages\/8\/revisions"}],"predecessor-version":[{"id":345,"href":"https:\/\/farmaciacubana.net\/en\/wp-json\/wp\/v2\/pages\/8\/revisions\/345"}],"wp:attachment":[{"href":"https:\/\/farmaciacubana.net\/en\/wp-json\/wp\/v2\/media?parent=8"}],"curies":[{"name":"wp","href":"https:\/\/api.w.org\/{rel}","templated":true}]}}