{"id":7,"date":"2024-07-17T18:43:06","date_gmt":"2024-07-17T18:43:06","guid":{"rendered":"https:\/\/rax.dst.mybluehost.me\/website_7fbed331\/about\/"},"modified":"2024-08-19T21:42:17","modified_gmt":"2024-08-19T21:42:17","slug":"about","status":"publish","type":"page","link":"https:\/\/farmaciacubana.net\/en\/about\/","title":{"rendered":"About Us"},"content":{"rendered":"<div data-elementor-type=\"wp-page\" data-elementor-id=\"7\" class=\"elementor elementor-7\">\n\t\t\t\t<div class=\"elementor-element elementor-element-ed7f328 e-flex e-con-boxed e-con e-parent\" data-id=\"ed7f328\" data-element_type=\"container\" data-e-type=\"container\">\n\t\t\t\t\t<div class=\"e-con-inner\">\n\t\t<div class=\"elementor-element elementor-element-4d1ae57 e-con-full e-flex e-con e-child\" data-id=\"4d1ae57\" data-element_type=\"container\" data-e-type=\"container\">\n\t\t\t\t<div class=\"elementor-element elementor-element-52ca2cf elementor-widget elementor-widget-image\" data-id=\"52ca2cf\" data-element_type=\"widget\" data-e-type=\"widget\" data-widget_type=\"image.default\">\n\t\t\t\t<div class=\"elementor-widget-container\">\n\t\t\t\t\t\t\t\t\t\t\t\t\t\t\t<img fetchpriority=\"high\" decoding=\"async\" width=\"688\" height=\"383\" src=\"https:\/\/i0.wp.com\/farmaciacubana.net\/wp-content\/uploads\/2024\/08\/mid1-img.old_.jpg?fit=688%2C383&amp;ssl=1\" class=\"attachment-large size-large wp-image-220\" alt=\"pharmacist\" srcset=\"https:\/\/i0.wp.com\/farmaciacubana.net\/wp-content\/uploads\/2024\/08\/mid1-img.old_.jpg?w=688&amp;ssl=1 688w, https:\/\/i0.wp.com\/farmaciacubana.net\/wp-content\/uploads\/2024\/08\/mid1-img.old_.jpg?resize=300%2C167&amp;ssl=1 300w, https:\/\/i0.wp.com\/farmaciacubana.net\/wp-content\/uploads\/2024\/08\/mid1-img.old_.jpg?resize=18%2C10&amp;ssl=1 18w\" sizes=\"(max-width: 688px) 100vw, 688px\" \/>\t\t\t\t\t\t\t\t\t\t\t\t\t\t\t<\/div>\n\t\t\t\t<\/div>\n\t\t\t\t<\/div>\n\t\t<div class=\"elementor-element elementor-element-7c94c98 e-con-full e-flex e-con e-child\" data-id=\"7c94c98\" data-element_type=\"container\" data-e-type=\"container\">\n\t\t\t\t<div class=\"elementor-element elementor-element-8a3d90e elementor-widget elementor-widget-heading\" data-id=\"8a3d90e\" data-element_type=\"widget\" data-e-type=\"widget\" data-widget_type=\"heading.default\">\n\t\t\t\t<div class=\"elementor-widget-container\">\n\t\t\t\t\t<h2 class=\"elementor-heading-title elementor-size-default\">About Us<\/h2>\t\t\t\t<\/div>\n\t\t\t\t<\/div>\n\t\t\t\t<div class=\"elementor-element elementor-element-3bd7125 elementor-widget elementor-widget-text-editor\" data-id=\"3bd7125\" data-element_type=\"widget\" data-e-type=\"widget\" data-widget_type=\"text-editor.default\">\n\t\t\t\t<div class=\"elementor-widget-container\">\n\t\t\t\t\t\t\t\t\t<p>At Farmacia Cubana, we are more than just a place to pick up your prescriptions; we are your health and wellness partner, dedicated to providing comprehensive care for you and your family. Our mission is to deliver personalized healthcare services that empower you to live a healthier, happier life.<\/p>\t\t\t\t\t\t\t\t<\/div>\n\t\t\t\t<\/div>\n\t\t\t\t<div class=\"elementor-element elementor-element-d58c51e elementor-widget elementor-widget-text-editor\" data-id=\"d58c51e\" data-element_type=\"widget\" data-e-type=\"widget\" data-widget_type=\"text-editor.default\">\n\t\t\t\t<div class=\"elementor-widget-container\">\n\t\t\t\t\t\t\t\t\t<p><strong>Our Commitment<\/strong><\/p><p>We are committed to offering a wide range of services tailored to meet the unique needs of each individual. Whether you need medication management, vaccination services, or guidance on preventive care, our team of highly trained pharmacists is here to support you every step of the way. We understand that healthcare is not one-size-fits-all, which is why we take the time to get to know you and your health goals.<\/p>\t\t\t\t\t\t\t\t<\/div>\n\t\t\t\t<\/div>\n\t\t\t\t<\/div>\n\t\t\t\t\t<\/div>\n\t\t\t\t<\/div>\n\t\t<div class=\"elementor-element elementor-element-e2f9b62 e-flex e-con-boxed e-con e-parent\" data-id=\"e2f9b62\" data-element_type=\"container\" data-e-type=\"container\">\n\t\t\t\t\t<div class=\"e-con-inner\">\n\t\t<div class=\"elementor-element elementor-element-9ed1bed e-con-full e-flex e-con e-child\" data-id=\"9ed1bed\" data-element_type=\"container\" data-e-type=\"container\">\n\t\t\t\t<div class=\"elementor-element elementor-element-3fc284d elementor-widget elementor-widget-text-editor\" data-id=\"3fc284d\" data-element_type=\"widget\" data-e-type=\"widget\" data-widget_type=\"text-editor.default\">\n\t\t\t\t<div class=\"elementor-widget-container\">\n\t\t\t\t\t\t\t\t\t<p><strong>Our Values<\/strong><\/p><ul><li><p><strong>Compassionate Care:<\/strong> We treat every patient with kindness, respect, and empathy. Your health and well-being are our top priorities.<\/p><\/li><li><p><strong>Expertise:<\/strong> Our pharmacists are highly skilled professionals who stay updated with the latest in medical advancements to provide you with the best possible care.<\/p><\/li><li><p><strong>Accessibility:<\/strong> We believe that quality healthcare should be accessible to everyone. Our pharmacy offers affordable medication options, accepts most major insurances, and provides convenient services like home delivery and telehealth consultations.<\/p><\/li><\/ul><p><strong>Our Services<\/strong><\/p><ul><li><p><strong>Prescription Services:<\/strong> Quick and accurate prescription filling, refills, and transfers.<\/p><\/li><li><p><strong>Compounding:<\/strong> Customized medications tailored to your specific needs.<\/p><\/li><li><p><strong>Immunizations:<\/strong> Protect yourself and your loved ones with our comprehensive vaccination services.<\/p><\/li><li><p><strong>Wellness Programs:<\/strong> From weight management to smoking cessation, we offer programs to help you achieve your health goals.<\/p><\/li><\/ul>\t\t\t\t\t\t\t\t<\/div>\n\t\t\t\t<\/div>\n\t\t\t\t<\/div>\n\t\t<div class=\"elementor-element elementor-element-7165876 e-con-full e-flex e-con e-child\" data-id=\"7165876\" data-element_type=\"container\" data-e-type=\"container\">\n\t\t\t\t<div class=\"elementor-element elementor-element-07267ef elementor-widget elementor-widget-image\" data-id=\"07267ef\" data-element_type=\"widget\" data-e-type=\"widget\" data-widget_type=\"image.default\">\n\t\t\t\t<div class=\"elementor-widget-container\">\n\t\t\t\t\t\t\t\t\t\t\t\t\t\t\t<img decoding=\"async\" width=\"800\" height=\"646\" src=\"https:\/\/i0.wp.com\/farmaciacubana.net\/wp-content\/uploads\/2024\/08\/Prevention-Pharmacy-Website-Homepage-Banner4-e1724103560482.png?fit=800%2C646&amp;ssl=1\" class=\"attachment-large size-large wp-image-221\" alt=\"\" srcset=\"https:\/\/i0.wp.com\/farmaciacubana.net\/wp-content\/uploads\/2024\/08\/Prevention-Pharmacy-Website-Homepage-Banner4-e1724103560482.png?w=1560&amp;ssl=1 1560w, https:\/\/i0.wp.com\/farmaciacubana.net\/wp-content\/uploads\/2024\/08\/Prevention-Pharmacy-Website-Homepage-Banner4-e1724103560482.png?resize=300%2C242&amp;ssl=1 300w, https:\/\/i0.wp.com\/farmaciacubana.net\/wp-content\/uploads\/2024\/08\/Prevention-Pharmacy-Website-Homepage-Banner4-e1724103560482.png?resize=1024%2C827&amp;ssl=1 1024w, https:\/\/i0.wp.com\/farmaciacubana.net\/wp-content\/uploads\/2024\/08\/Prevention-Pharmacy-Website-Homepage-Banner4-e1724103560482.png?resize=768%2C620&amp;ssl=1 768w, https:\/\/i0.wp.com\/farmaciacubana.net\/wp-content\/uploads\/2024\/08\/Prevention-Pharmacy-Website-Homepage-Banner4-e1724103560482.png?resize=1536%2C1241&amp;ssl=1 1536w, https:\/\/i0.wp.com\/farmaciacubana.net\/wp-content\/uploads\/2024\/08\/Prevention-Pharmacy-Website-Homepage-Banner4-e1724103560482.png?resize=15%2C12&amp;ssl=1 15w\" sizes=\"(max-width: 800px) 100vw, 800px\" \/>\t\t\t\t\t\t\t\t\t\t\t\t\t\t\t<\/div>\n\t\t\t\t<\/div>\n\t\t\t\t<\/div>\n\t\t\t\t\t<\/div>\n\t\t\t\t<\/div>\n\t\t<div class=\"elementor-element elementor-element-32599e6 e-flex e-con-boxed e-con e-parent\" data-id=\"32599e6\" data-element_type=\"container\" data-e-type=\"container\">\n\t\t\t\t\t<div class=\"e-con-inner\">\n\t\t\t\t<div class=\"elementor-element elementor-element-ee8bb84 elementor-widget elementor-widget-text-editor\" data-id=\"ee8bb84\" data-element_type=\"widget\" data-e-type=\"widget\" data-widget_type=\"text-editor.default\">\n\t\t\t\t<div class=\"elementor-widget-container\">\n\t\t\t\t\t\t\t\t\t<p><strong>Why Choose Us?<\/strong><\/p><p>At Farmacia Cubana, we go beyond dispensing medications. We are your partners in health, working with you to prevent illness and manage chronic conditions. Our pharmacy is not just about treating symptoms; it's about fostering long-term wellness and quality of life.<\/p><p>We invite you to visit us and experience the difference that personalized, compassionate care can make in your life. Whether you need advice, a prescription refill, or want to learn more about our wellness programs, our doors are always open to serve you.<\/p><p><a href=\"https:\/\/farmaciacubana.net\/en\/contact\/\"><strong>Contact Us<\/strong><\/a><\/p><p>If you have any questions or need assistance, please don't hesitate to reach out. Our friendly team is here to help you navigate your health journey.<\/p><p>Thank you for choosing Farmacia Cubana \u2013 where your health is our priority.<\/p>\t\t\t\t\t\t\t\t<\/div>\n\t\t\t\t<\/div>\n\t\t\t\t\t<\/div>\n\t\t\t\t<\/div>\n\t\t\t\t<\/div>","protected":false},"excerpt":{"rendered":"<p>Acerca de nosotros En la Farmacia Cubana de Palm Beach, somos m\u00e1s que un lugar para recoger tus recetas; somos tu socio en salud y bienestar, dedicados a brindarte un cuidado integral para ti y tu familia. Nuestra misi\u00f3n es ofrecer servicios de atenci\u00f3n m\u00e9dica personalizada que te empoderen para vivir una vida m\u00e1s saludable [&hellip;]<\/p>\n","protected":false},"author":1,"featured_media":0,"parent":0,"menu_order":0,"comment_status":"closed","ping_status":"closed","template":"","meta":{"nf_dc_page":"","om_disable_all_campaigns":false,"_monsterinsights_skip_tracking":false,"_monsterinsights_sitenote_active":false,"_monsterinsights_sitenote_note":"","_monsterinsights_sitenote_category":0,"footnotes":""},"class_list":["post-7","page","type-page","status-publish","hentry"],"yoast_head":"<!-- This site is optimized with the Yoast SEO plugin v27.5 - https:\/\/yoast.com\/product\/yoast-seo-wordpress\/ -->\n<title>Acerca de - Farmacia Cubana de Palm Beach<\/title>\n<meta name=\"robots\" content=\"index, follow, max-snippet:-1, max-image-preview:large, max-video-preview:-1\" \/>\n<link rel=\"canonical\" href=\"https:\/\/farmaciacubana.net\/en\/about\/\" \/>\n<meta property=\"og:locale\" content=\"en_US\" \/>\n<meta property=\"og:type\" content=\"article\" \/>\n<meta property=\"og:title\" content=\"Acerca de - Farmacia Cubana de Palm Beach\" \/>\n<meta property=\"og:description\" content=\"Acerca de nosotros En la Farmacia Cubana de Palm Beach, somos m\u00e1s que un lugar para recoger tus recetas; somos tu socio en salud y bienestar, dedicados a brindarte un cuidado integral para ti y tu familia. Nuestra misi\u00f3n es ofrecer servicios de atenci\u00f3n m\u00e9dica personalizada que te empoderen para vivir una vida m\u00e1s saludable [&hellip;]\" \/>\n<meta property=\"og:url\" content=\"https:\/\/farmaciacubana.net\/en\/about\/\" \/>\n<meta property=\"og:site_name\" content=\"Farmacia Cubana de Palm Beach\" \/>\n<meta property=\"article:modified_time\" content=\"2024-08-19T21:42:17+00:00\" \/>\n<meta property=\"og:image\" content=\"https:\/\/farmaciacubana.net\/wp-content\/uploads\/2024\/08\/mid1-img.old_.jpg\" \/>\n<meta name=\"twitter:card\" content=\"summary_large_image\" \/>\n<meta name=\"twitter:label1\" content=\"Est. reading time\" \/>\n\t<meta name=\"twitter:data1\" content=\"3 minutes\" \/>\n<script type=\"application\/ld+json\" class=\"yoast-schema-graph\">{\"@context\":\"https:\\\/\\\/schema.org\",\"@graph\":[{\"@type\":\"WebPage\",\"@id\":\"https:\\\/\\\/farmaciacubana.net\\\/about\\\/\",\"url\":\"https:\\\/\\\/farmaciacubana.net\\\/about\\\/\",\"name\":\"Acerca de - Farmacia Cubana de Palm Beach\",\"isPartOf\":{\"@id\":\"https:\\\/\\\/rax.dst.mybluehost.me\\\/website_7fbed331\\\/#website\"},\"primaryImageOfPage\":{\"@id\":\"https:\\\/\\\/farmaciacubana.net\\\/about\\\/#primaryimage\"},\"image\":{\"@id\":\"https:\\\/\\\/farmaciacubana.net\\\/about\\\/#primaryimage\"},\"thumbnailUrl\":\"https:\\\/\\\/farmaciacubana.net\\\/wp-content\\\/uploads\\\/2024\\\/08\\\/mid1-img.old_.jpg\",\"datePublished\":\"2024-07-17T18:43:06+00:00\",\"dateModified\":\"2024-08-19T21:42:17+00:00\",\"breadcrumb\":{\"@id\":\"https:\\\/\\\/farmaciacubana.net\\\/about\\\/#breadcrumb\"},\"inLanguage\":\"en-US\",\"potentialAction\":[{\"@type\":\"ReadAction\",\"target\":[\"https:\\\/\\\/farmaciacubana.net\\\/about\\\/\"]}]},{\"@type\":\"ImageObject\",\"inLanguage\":\"en-US\",\"@id\":\"https:\\\/\\\/farmaciacubana.net\\\/about\\\/#primaryimage\",\"url\":\"https:\\\/\\\/farmaciacubana.net\\\/wp-content\\\/uploads\\\/2024\\\/08\\\/mid1-img.old_.jpg\",\"contentUrl\":\"https:\\\/\\\/farmaciacubana.net\\\/wp-content\\\/uploads\\\/2024\\\/08\\\/mid1-img.old_.jpg\"},{\"@type\":\"BreadcrumbList\",\"@id\":\"https:\\\/\\\/farmaciacubana.net\\\/about\\\/#breadcrumb\",\"itemListElement\":[{\"@type\":\"ListItem\",\"position\":1,\"name\":\"Home\",\"item\":\"https:\\\/\\\/farmaciacubana.net\\\/\"},{\"@type\":\"ListItem\",\"position\":2,\"name\":\"Acerca de\"}]},{\"@type\":\"WebSite\",\"@id\":\"https:\\\/\\\/rax.dst.mybluehost.me\\\/website_7fbed331\\\/#website\",\"url\":\"https:\\\/\\\/rax.dst.mybluehost.me\\\/website_7fbed331\\\/\",\"name\":\"Farmacia Cubana de Palm Beach\",\"description\":\"\",\"publisher\":{\"@id\":\"https:\\\/\\\/rax.dst.mybluehost.me\\\/website_7fbed331\\\/#organization\"},\"potentialAction\":[{\"@type\":\"SearchAction\",\"target\":{\"@type\":\"EntryPoint\",\"urlTemplate\":\"https:\\\/\\\/rax.dst.mybluehost.me\\\/website_7fbed331\\\/?s={search_term_string}\"},\"query-input\":{\"@type\":\"PropertyValueSpecification\",\"valueRequired\":true,\"valueName\":\"search_term_string\"}}],\"inLanguage\":\"en-US\"},{\"@type\":\"Organization\",\"@id\":\"https:\\\/\\\/rax.dst.mybluehost.me\\\/website_7fbed331\\\/#organization\",\"name\":\"Farmacia Cubana de Palm Beach\",\"url\":\"https:\\\/\\\/rax.dst.mybluehost.me\\\/website_7fbed331\\\/\",\"logo\":{\"@type\":\"ImageObject\",\"inLanguage\":\"en-US\",\"@id\":\"https:\\\/\\\/rax.dst.mybluehost.me\\\/website_7fbed331\\\/#\\\/schema\\\/logo\\\/image\\\/\",\"url\":\"https:\\\/\\\/i0.wp.com\\\/farmaciacubana.net\\\/wp-content\\\/uploads\\\/2024\\\/07\\\/logo-farmacia-cubana.png?fit=556%2C136&ssl=1\",\"contentUrl\":\"https:\\\/\\\/i0.wp.com\\\/farmaciacubana.net\\\/wp-content\\\/uploads\\\/2024\\\/07\\\/logo-farmacia-cubana.png?fit=556%2C136&ssl=1\",\"width\":556,\"height\":136,\"caption\":\"Farmacia Cubana de Palm Beach\"},\"image\":{\"@id\":\"https:\\\/\\\/rax.dst.mybluehost.me\\\/website_7fbed331\\\/#\\\/schema\\\/logo\\\/image\\\/\"}}]}<\/script>\n<!-- \/ Yoast SEO plugin. -->","yoast_head_json":{"title":"Acerca de - Farmacia Cubana de Palm Beach","robots":{"index":"index","follow":"follow","max-snippet":"max-snippet:-1","max-image-preview":"max-image-preview:large","max-video-preview":"max-video-preview:-1"},"canonical":"https:\/\/farmaciacubana.net\/en\/about\/","og_locale":"en_US","og_type":"article","og_title":"Acerca de - Farmacia Cubana de Palm Beach","og_description":"Acerca de nosotros En la Farmacia Cubana de Palm Beach, somos m\u00e1s que un lugar para recoger tus recetas; somos tu socio en salud y bienestar, dedicados a brindarte un cuidado integral para ti y tu familia. Nuestra misi\u00f3n es ofrecer servicios de atenci\u00f3n m\u00e9dica personalizada que te empoderen para vivir una vida m\u00e1s saludable [&hellip;]","og_url":"https:\/\/farmaciacubana.net\/en\/about\/","og_site_name":"Farmacia Cubana de Palm Beach","article_modified_time":"2024-08-19T21:42:17+00:00","og_image":[{"url":"https:\/\/farmaciacubana.net\/wp-content\/uploads\/2024\/08\/mid1-img.old_.jpg","type":"","width":"","height":""}],"twitter_card":"summary_large_image","twitter_misc":{"Est. reading time":"3 minutes"},"schema":{"@context":"https:\/\/schema.org","@graph":[{"@type":"WebPage","@id":"https:\/\/farmaciacubana.net\/about\/","url":"https:\/\/farmaciacubana.net\/about\/","name":"Acerca de - Farmacia Cubana de Palm Beach","isPartOf":{"@id":"https:\/\/rax.dst.mybluehost.me\/website_7fbed331\/#website"},"primaryImageOfPage":{"@id":"https:\/\/farmaciacubana.net\/about\/#primaryimage"},"image":{"@id":"https:\/\/farmaciacubana.net\/about\/#primaryimage"},"thumbnailUrl":"https:\/\/farmaciacubana.net\/wp-content\/uploads\/2024\/08\/mid1-img.old_.jpg","datePublished":"2024-07-17T18:43:06+00:00","dateModified":"2024-08-19T21:42:17+00:00","breadcrumb":{"@id":"https:\/\/farmaciacubana.net\/about\/#breadcrumb"},"inLanguage":"en-US","potentialAction":[{"@type":"ReadAction","target":["https:\/\/farmaciacubana.net\/about\/"]}]},{"@type":"ImageObject","inLanguage":"en-US","@id":"https:\/\/farmaciacubana.net\/about\/#primaryimage","url":"https:\/\/farmaciacubana.net\/wp-content\/uploads\/2024\/08\/mid1-img.old_.jpg","contentUrl":"https:\/\/farmaciacubana.net\/wp-content\/uploads\/2024\/08\/mid1-img.old_.jpg"},{"@type":"BreadcrumbList","@id":"https:\/\/farmaciacubana.net\/about\/#breadcrumb","itemListElement":[{"@type":"ListItem","position":1,"name":"Home","item":"https:\/\/farmaciacubana.net\/"},{"@type":"ListItem","position":2,"name":"Acerca de"}]},{"@type":"WebSite","@id":"https:\/\/rax.dst.mybluehost.me\/website_7fbed331\/#website","url":"https:\/\/rax.dst.mybluehost.me\/website_7fbed331\/","name":"Farmacia Cubana de Palm Beach","description":"","publisher":{"@id":"https:\/\/rax.dst.mybluehost.me\/website_7fbed331\/#organization"},"potentialAction":[{"@type":"SearchAction","target":{"@type":"EntryPoint","urlTemplate":"https:\/\/rax.dst.mybluehost.me\/website_7fbed331\/?s={search_term_string}"},"query-input":{"@type":"PropertyValueSpecification","valueRequired":true,"valueName":"search_term_string"}}],"inLanguage":"en-US"},{"@type":"Organization","@id":"https:\/\/rax.dst.mybluehost.me\/website_7fbed331\/#organization","name":"Farmacia Cubana de Palm Beach","url":"https:\/\/rax.dst.mybluehost.me\/website_7fbed331\/","logo":{"@type":"ImageObject","inLanguage":"en-US","@id":"https:\/\/rax.dst.mybluehost.me\/website_7fbed331\/#\/schema\/logo\/image\/","url":"https:\/\/i0.wp.com\/farmaciacubana.net\/wp-content\/uploads\/2024\/07\/logo-farmacia-cubana.png?fit=556%2C136&ssl=1","contentUrl":"https:\/\/i0.wp.com\/farmaciacubana.net\/wp-content\/uploads\/2024\/07\/logo-farmacia-cubana.png?fit=556%2C136&ssl=1","width":556,"height":136,"caption":"Farmacia Cubana de Palm Beach"},"image":{"@id":"https:\/\/rax.dst.mybluehost.me\/website_7fbed331\/#\/schema\/logo\/image\/"}}]}},"jetpack_sharing_enabled":true,"_links":{"self":[{"href":"https:\/\/farmaciacubana.net\/en\/wp-json\/wp\/v2\/pages\/7","targetHints":{"allow":["GET"]}}],"collection":[{"href":"https:\/\/farmaciacubana.net\/en\/wp-json\/wp\/v2\/pages"}],"about":[{"href":"https:\/\/farmaciacubana.net\/en\/wp-json\/wp\/v2\/types\/page"}],"author":[{"embeddable":true,"href":"https:\/\/farmaciacubana.net\/en\/wp-json\/wp\/v2\/users\/1"}],"replies":[{"embeddable":true,"href":"https:\/\/farmaciacubana.net\/en\/wp-json\/wp\/v2\/comments?post=7"}],"version-history":[{"count":5,"href":"https:\/\/farmaciacubana.net\/en\/wp-json\/wp\/v2\/pages\/7\/revisions"}],"predecessor-version":[{"id":233,"href":"https:\/\/farmaciacubana.net\/en\/wp-json\/wp\/v2\/pages\/7\/revisions\/233"}],"wp:attachment":[{"href":"https:\/\/farmaciacubana.net\/en\/wp-json\/wp\/v2\/media?parent=7"}],"curies":[{"name":"wp","href":"https:\/\/api.w.org\/{rel}","templated":true}]}}