{"id":479,"date":"2024-10-22T20:24:51","date_gmt":"2024-10-22T20:24:51","guid":{"rendered":"https:\/\/farmaciacubana.net\/?page_id=479"},"modified":"2024-10-24T18:42:26","modified_gmt":"2024-10-24T18:42:26","slug":"compounding","status":"publish","type":"page","link":"https:\/\/farmaciacubana.net\/en\/compounding\/","title":{"rendered":"Compounding"},"content":{"rendered":"<div data-elementor-type=\"wp-page\" data-elementor-id=\"479\" class=\"elementor elementor-479\">\n\t\t\t\t<div class=\"elementor-element elementor-element-57bc38b e-flex e-con-boxed e-con e-parent\" data-id=\"57bc38b\" data-element_type=\"container\" data-e-type=\"container\">\n\t\t\t\t\t<div class=\"e-con-inner\">\n\t\t\t\t<div class=\"elementor-element elementor-element-914173b elementor-widget elementor-widget-heading\" data-id=\"914173b\" data-element_type=\"widget\" data-e-type=\"widget\" data-widget_type=\"heading.default\">\n\t\t\t\t<div class=\"elementor-widget-container\">\n\t\t\t\t\t<h2 class=\"elementor-heading-title elementor-size-default\">Compounding<\/h2>\t\t\t\t<\/div>\n\t\t\t\t<\/div>\n\t\t\t\t\t<\/div>\n\t\t\t\t<\/div>\n\t\t<div class=\"elementor-element elementor-element-222c25f e-flex e-con-boxed e-con e-parent\" data-id=\"222c25f\" data-element_type=\"container\" data-e-type=\"container\">\n\t\t\t\t\t<div class=\"e-con-inner\">\n\t\t\t\t<div class=\"elementor-element elementor-element-ee21762 elementor-widget elementor-widget-image\" data-id=\"ee21762\" data-element_type=\"widget\" data-e-type=\"widget\" data-widget_type=\"image.default\">\n\t\t\t\t<div class=\"elementor-widget-container\">\n\t\t\t\t\t\t\t\t\t\t\t\t\t\t\t<img fetchpriority=\"high\" decoding=\"async\" width=\"800\" height=\"208\" src=\"https:\/\/i0.wp.com\/farmaciacubana.net\/wp-content\/uploads\/2024\/10\/compounding-lab-scaled.jpg?fit=800%2C208&amp;ssl=1\" class=\"attachment-large size-large wp-image-497\" alt=\"\" srcset=\"https:\/\/i0.wp.com\/farmaciacubana.net\/wp-content\/uploads\/2024\/10\/compounding-lab-scaled.jpg?w=2560&amp;ssl=1 2560w, https:\/\/i0.wp.com\/farmaciacubana.net\/wp-content\/uploads\/2024\/10\/compounding-lab-scaled.jpg?resize=300%2C78&amp;ssl=1 300w, https:\/\/i0.wp.com\/farmaciacubana.net\/wp-content\/uploads\/2024\/10\/compounding-lab-scaled.jpg?resize=1024%2C266&amp;ssl=1 1024w, https:\/\/i0.wp.com\/farmaciacubana.net\/wp-content\/uploads\/2024\/10\/compounding-lab-scaled.jpg?resize=768%2C200&amp;ssl=1 768w, https:\/\/i0.wp.com\/farmaciacubana.net\/wp-content\/uploads\/2024\/10\/compounding-lab-scaled.jpg?resize=1536%2C400&amp;ssl=1 1536w, https:\/\/i0.wp.com\/farmaciacubana.net\/wp-content\/uploads\/2024\/10\/compounding-lab-scaled.jpg?resize=2048%2C533&amp;ssl=1 2048w, https:\/\/i0.wp.com\/farmaciacubana.net\/wp-content\/uploads\/2024\/10\/compounding-lab-scaled.jpg?resize=18%2C5&amp;ssl=1 18w, https:\/\/i0.wp.com\/farmaciacubana.net\/wp-content\/uploads\/2024\/10\/compounding-lab-scaled.jpg?w=1600&amp;ssl=1 1600w, https:\/\/i0.wp.com\/farmaciacubana.net\/wp-content\/uploads\/2024\/10\/compounding-lab-scaled.jpg?w=2400&amp;ssl=1 2400w\" sizes=\"(max-width: 800px) 100vw, 800px\" \/>\t\t\t\t\t\t\t\t\t\t\t\t\t\t\t<\/div>\n\t\t\t\t<\/div>\n\t\t\t\t\t<\/div>\n\t\t\t\t<\/div>\n\t\t<div class=\"elementor-element elementor-element-dbc9085 e-flex e-con-boxed e-con e-parent\" data-id=\"dbc9085\" data-element_type=\"container\" data-e-type=\"container\">\n\t\t\t\t\t<div class=\"e-con-inner\">\n\t\t\t\t<div class=\"elementor-element elementor-element-eec5ea0 elementor-widget elementor-widget-text-editor\" data-id=\"eec5ea0\" data-element_type=\"widget\" data-e-type=\"widget\" data-widget_type=\"text-editor.default\">\n\t\t\t\t<div class=\"elementor-widget-container\">\n\t\t\t\t\t\t\t\t\t<p>The art of compounding enables skilled medical professionals like pharmacists to craft tailored medications that cater to individual patient needs. Compounding was the cornerstone of pharmaceutical care before mass production of medications became the norm. In recent years, patients and their Medical Practitioners have realized that mass-produced drug strengths and dosages can\u2019t address everyone\u2019s unique treatment requirements. For these patients, customized dosage form may be able to produce better results.<\/p><p><strong>Key Features of Compounding:<\/strong><\/p><ul><li><strong>Personalized Medications:<\/strong> No two individuals are alike, and neither are their healthcare needs. Compounding allows us to create medications that match the unique requirements of each patient, ensuring the most effective and personalized treatment.<\/li><li><strong>Custom Dosages:<\/strong> Standardized medications may not always offer the precise dosage needed. Compounding enables us to adjust dosages according to your healthcare provider\u2019s specifications, optimizing therapeutic benefits and minimizing side effects.<\/li><li><strong>Alternative Administration Routes:<\/strong> Not everyone prefers or tolerates the same method of medication administration. Compounding allows for flexibility in choosing the most suitable form, whether it\u2019s a cream, gel, capsule, troche, or another customized option.<\/li><li><strong>Flavoring for Improved Compliance:<\/strong> Especially beneficial for pediatric and veterinary patients, compounding allows us to add flavors to medications, making them more palatable and improving overall compliance.<\/li><li><strong>Combination Therapies:<\/strong> Some conditions may require a combination of medications. Compounding allows for the creation of specialized formulations that combine multiple ingredients into one, simplifying your medication regimen.<\/li><\/ul><p>\u00a0<\/p><p><strong>Benefits of Compounding:<\/strong><\/p><ul><li><strong>Tailored Solutions:<\/strong> Compounding provides tailor-made solutions for patients with unique health needs, ensuring that each medication is formulated to address specific requirements.<\/li><li><strong>Individualized Care:<\/strong> Experience healthcare that is centered around you. Compounding allows for a more personalized and patient-centric approach to treatment.<\/li><li><strong>Bio-Identical Hormones:<\/strong> For hormone replacement therapy, compounding offers bio-identical hormones that closely mimic the body\u2019s natural hormones, enhancing compatibility and effectiveness.<\/li><li><strong>Allergy-Friendly Options:<\/strong> If you have allergies or sensitivities to certain ingredients found in commercially available medications, compounding allows us to create formulations without these problematic components.<\/li><li><strong>Pediatric and Veterinary Solutions:<\/strong> Children and pets often present unique challenges in medication administration. Compounding provides solutions that are not only effective but also easier for them to take.<\/li><\/ul><p><strong>How It Works:<\/strong><\/p><ul><li><strong>Consultation:<\/strong> Discuss your needs with your healthcare provider, who will prescribe a personalized compounding solution.<\/li><li><strong>Custom Formulation:<\/strong> Our compounding pharmacists use state-of-the-art facilities to create your custom medication, ensuring the highest standards of quality and safety.<\/li><li><strong>Regular Monitoring:<\/strong> Continuous communication with your healthcare provider and regular monitoring ensure that your compounded medication remains aligned with your changing health needs.<\/li><\/ul><p>At our pharmacy, we believe that healthcare should be as unique as you are. Experience the transformative power of compounding and discover a new level of personalized care. Explore the possibilities and let us be your partner on the journey to optimal health and well-being.<\/p>\t\t\t\t\t\t\t\t<\/div>\n\t\t\t\t<\/div>\n\t\t\t\t\t<\/div>\n\t\t\t\t<\/div>\n\t\t\t\t<\/div>","protected":false},"excerpt":{"rendered":"<p>Formulaci\u00f3n magistral El arte de la formulaci\u00f3n magistral permite a profesionales m\u00e9dicos capacitados, como los farmac\u00e9uticos, crear medicamentos personalizados que satisfacen las necesidades individuales de los pacientes. Antes de que la producci\u00f3n en masa de medicamentos se convirtiera en la norma, la formulaci\u00f3n magistral era la base del cuidado farmac\u00e9utico. En los \u00faltimos a\u00f1os, los [&hellip;]<\/p>\n","protected":false},"author":2,"featured_media":0,"parent":0,"menu_order":0,"comment_status":"closed","ping_status":"closed","template":"","meta":{"nf_dc_page":"","om_disable_all_campaigns":false,"_monsterinsights_skip_tracking":false,"_monsterinsights_sitenote_active":false,"_monsterinsights_sitenote_note":"","_monsterinsights_sitenote_category":0,"footnotes":""},"class_list":["post-479","page","type-page","status-publish","hentry"],"yoast_head":"<!-- This site is optimized with the Yoast SEO plugin v27.5 - https:\/\/yoast.com\/product\/yoast-seo-wordpress\/ -->\n<title>Formulaci\u00f3n Magistral - Farmacia Cubana de Palm Beach<\/title>\n<meta name=\"robots\" content=\"index, follow, max-snippet:-1, max-image-preview:large, max-video-preview:-1\" \/>\n<link rel=\"canonical\" href=\"https:\/\/farmaciacubana.net\/en\/compounding\/\" \/>\n<meta property=\"og:locale\" content=\"en_US\" \/>\n<meta property=\"og:type\" content=\"article\" \/>\n<meta property=\"og:title\" content=\"Formulaci\u00f3n Magistral - Farmacia Cubana de Palm Beach\" \/>\n<meta property=\"og:description\" content=\"Formulaci\u00f3n magistral El arte de la formulaci\u00f3n magistral permite a profesionales m\u00e9dicos capacitados, como los farmac\u00e9uticos, crear medicamentos personalizados que satisfacen las necesidades individuales de los pacientes. Antes de que la producci\u00f3n en masa de medicamentos se convirtiera en la norma, la formulaci\u00f3n magistral era la base del cuidado farmac\u00e9utico. En los \u00faltimos a\u00f1os, los [&hellip;]\" \/>\n<meta property=\"og:url\" content=\"https:\/\/farmaciacubana.net\/en\/compounding\/\" \/>\n<meta property=\"og:site_name\" content=\"Farmacia Cubana de Palm Beach\" \/>\n<meta property=\"article:modified_time\" content=\"2024-10-24T18:42:26+00:00\" \/>\n<meta property=\"og:image\" content=\"https:\/\/i0.wp.com\/farmaciacubana.net\/wp-content\/uploads\/2024\/10\/compounding-lab-scaled.jpg?fit=2560%2C666&ssl=1\" \/>\n\t<meta property=\"og:image:width\" content=\"2560\" \/>\n\t<meta property=\"og:image:height\" content=\"666\" \/>\n\t<meta property=\"og:image:type\" content=\"image\/jpeg\" \/>\n<meta name=\"twitter:card\" content=\"summary_large_image\" \/>\n<meta name=\"twitter:label1\" content=\"Est. reading time\" \/>\n\t<meta name=\"twitter:data1\" content=\"3 minutes\" \/>\n<script type=\"application\/ld+json\" class=\"yoast-schema-graph\">{\"@context\":\"https:\\\/\\\/schema.org\",\"@graph\":[{\"@type\":\"WebPage\",\"@id\":\"https:\\\/\\\/farmaciacubana.net\\\/compounding\\\/\",\"url\":\"https:\\\/\\\/farmaciacubana.net\\\/compounding\\\/\",\"name\":\"Formulaci\u00f3n Magistral - Farmacia Cubana de Palm Beach\",\"isPartOf\":{\"@id\":\"https:\\\/\\\/rax.dst.mybluehost.me\\\/website_7fbed331\\\/#website\"},\"primaryImageOfPage\":{\"@id\":\"https:\\\/\\\/farmaciacubana.net\\\/compounding\\\/#primaryimage\"},\"image\":{\"@id\":\"https:\\\/\\\/farmaciacubana.net\\\/compounding\\\/#primaryimage\"},\"thumbnailUrl\":\"https:\\\/\\\/farmaciacubana.net\\\/wp-content\\\/uploads\\\/2024\\\/10\\\/compounding-lab-1024x266.jpg\",\"datePublished\":\"2024-10-22T20:24:51+00:00\",\"dateModified\":\"2024-10-24T18:42:26+00:00\",\"breadcrumb\":{\"@id\":\"https:\\\/\\\/farmaciacubana.net\\\/compounding\\\/#breadcrumb\"},\"inLanguage\":\"en-US\",\"potentialAction\":[{\"@type\":\"ReadAction\",\"target\":[\"https:\\\/\\\/farmaciacubana.net\\\/compounding\\\/\"]}]},{\"@type\":\"ImageObject\",\"inLanguage\":\"en-US\",\"@id\":\"https:\\\/\\\/farmaciacubana.net\\\/compounding\\\/#primaryimage\",\"url\":\"https:\\\/\\\/farmaciacubana.net\\\/wp-content\\\/uploads\\\/2024\\\/10\\\/compounding-lab-1024x266.jpg\",\"contentUrl\":\"https:\\\/\\\/farmaciacubana.net\\\/wp-content\\\/uploads\\\/2024\\\/10\\\/compounding-lab-1024x266.jpg\"},{\"@type\":\"BreadcrumbList\",\"@id\":\"https:\\\/\\\/farmaciacubana.net\\\/compounding\\\/#breadcrumb\",\"itemListElement\":[{\"@type\":\"ListItem\",\"position\":1,\"name\":\"Home\",\"item\":\"https:\\\/\\\/farmaciacubana.net\\\/\"},{\"@type\":\"ListItem\",\"position\":2,\"name\":\"Formulaci\u00f3n Magistral\"}]},{\"@type\":\"WebSite\",\"@id\":\"https:\\\/\\\/rax.dst.mybluehost.me\\\/website_7fbed331\\\/#website\",\"url\":\"https:\\\/\\\/rax.dst.mybluehost.me\\\/website_7fbed331\\\/\",\"name\":\"Farmacia Cubana de Palm Beach\",\"description\":\"\",\"publisher\":{\"@id\":\"https:\\\/\\\/rax.dst.mybluehost.me\\\/website_7fbed331\\\/#organization\"},\"potentialAction\":[{\"@type\":\"SearchAction\",\"target\":{\"@type\":\"EntryPoint\",\"urlTemplate\":\"https:\\\/\\\/rax.dst.mybluehost.me\\\/website_7fbed331\\\/?s={search_term_string}\"},\"query-input\":{\"@type\":\"PropertyValueSpecification\",\"valueRequired\":true,\"valueName\":\"search_term_string\"}}],\"inLanguage\":\"en-US\"},{\"@type\":\"Organization\",\"@id\":\"https:\\\/\\\/rax.dst.mybluehost.me\\\/website_7fbed331\\\/#organization\",\"name\":\"Farmacia Cubana de Palm Beach\",\"url\":\"https:\\\/\\\/rax.dst.mybluehost.me\\\/website_7fbed331\\\/\",\"logo\":{\"@type\":\"ImageObject\",\"inLanguage\":\"en-US\",\"@id\":\"https:\\\/\\\/rax.dst.mybluehost.me\\\/website_7fbed331\\\/#\\\/schema\\\/logo\\\/image\\\/\",\"url\":\"https:\\\/\\\/i0.wp.com\\\/farmaciacubana.net\\\/wp-content\\\/uploads\\\/2024\\\/07\\\/logo-farmacia-cubana.png?fit=556%2C136&ssl=1\",\"contentUrl\":\"https:\\\/\\\/i0.wp.com\\\/farmaciacubana.net\\\/wp-content\\\/uploads\\\/2024\\\/07\\\/logo-farmacia-cubana.png?fit=556%2C136&ssl=1\",\"width\":556,\"height\":136,\"caption\":\"Farmacia Cubana de Palm Beach\"},\"image\":{\"@id\":\"https:\\\/\\\/rax.dst.mybluehost.me\\\/website_7fbed331\\\/#\\\/schema\\\/logo\\\/image\\\/\"}}]}<\/script>\n<!-- \/ Yoast SEO plugin. -->","yoast_head_json":{"title":"Formulaci\u00f3n Magistral - Farmacia Cubana de Palm Beach","robots":{"index":"index","follow":"follow","max-snippet":"max-snippet:-1","max-image-preview":"max-image-preview:large","max-video-preview":"max-video-preview:-1"},"canonical":"https:\/\/farmaciacubana.net\/en\/compounding\/","og_locale":"en_US","og_type":"article","og_title":"Formulaci\u00f3n Magistral - Farmacia Cubana de Palm Beach","og_description":"Formulaci\u00f3n magistral El arte de la formulaci\u00f3n magistral permite a profesionales m\u00e9dicos capacitados, como los farmac\u00e9uticos, crear medicamentos personalizados que satisfacen las necesidades individuales de los pacientes. Antes de que la producci\u00f3n en masa de medicamentos se convirtiera en la norma, la formulaci\u00f3n magistral era la base del cuidado farmac\u00e9utico. En los \u00faltimos a\u00f1os, los [&hellip;]","og_url":"https:\/\/farmaciacubana.net\/en\/compounding\/","og_site_name":"Farmacia Cubana de Palm Beach","article_modified_time":"2024-10-24T18:42:26+00:00","og_image":[{"width":2560,"height":666,"url":"https:\/\/i0.wp.com\/farmaciacubana.net\/wp-content\/uploads\/2024\/10\/compounding-lab-scaled.jpg?fit=2560%2C666&ssl=1","type":"image\/jpeg"}],"twitter_card":"summary_large_image","twitter_misc":{"Est. reading time":"3 minutes"},"schema":{"@context":"https:\/\/schema.org","@graph":[{"@type":"WebPage","@id":"https:\/\/farmaciacubana.net\/compounding\/","url":"https:\/\/farmaciacubana.net\/compounding\/","name":"Formulaci\u00f3n Magistral - Farmacia Cubana de Palm Beach","isPartOf":{"@id":"https:\/\/rax.dst.mybluehost.me\/website_7fbed331\/#website"},"primaryImageOfPage":{"@id":"https:\/\/farmaciacubana.net\/compounding\/#primaryimage"},"image":{"@id":"https:\/\/farmaciacubana.net\/compounding\/#primaryimage"},"thumbnailUrl":"https:\/\/farmaciacubana.net\/wp-content\/uploads\/2024\/10\/compounding-lab-1024x266.jpg","datePublished":"2024-10-22T20:24:51+00:00","dateModified":"2024-10-24T18:42:26+00:00","breadcrumb":{"@id":"https:\/\/farmaciacubana.net\/compounding\/#breadcrumb"},"inLanguage":"en-US","potentialAction":[{"@type":"ReadAction","target":["https:\/\/farmaciacubana.net\/compounding\/"]}]},{"@type":"ImageObject","inLanguage":"en-US","@id":"https:\/\/farmaciacubana.net\/compounding\/#primaryimage","url":"https:\/\/farmaciacubana.net\/wp-content\/uploads\/2024\/10\/compounding-lab-1024x266.jpg","contentUrl":"https:\/\/farmaciacubana.net\/wp-content\/uploads\/2024\/10\/compounding-lab-1024x266.jpg"},{"@type":"BreadcrumbList","@id":"https:\/\/farmaciacubana.net\/compounding\/#breadcrumb","itemListElement":[{"@type":"ListItem","position":1,"name":"Home","item":"https:\/\/farmaciacubana.net\/"},{"@type":"ListItem","position":2,"name":"Formulaci\u00f3n Magistral"}]},{"@type":"WebSite","@id":"https:\/\/rax.dst.mybluehost.me\/website_7fbed331\/#website","url":"https:\/\/rax.dst.mybluehost.me\/website_7fbed331\/","name":"Farmacia Cubana de Palm Beach","description":"","publisher":{"@id":"https:\/\/rax.dst.mybluehost.me\/website_7fbed331\/#organization"},"potentialAction":[{"@type":"SearchAction","target":{"@type":"EntryPoint","urlTemplate":"https:\/\/rax.dst.mybluehost.me\/website_7fbed331\/?s={search_term_string}"},"query-input":{"@type":"PropertyValueSpecification","valueRequired":true,"valueName":"search_term_string"}}],"inLanguage":"en-US"},{"@type":"Organization","@id":"https:\/\/rax.dst.mybluehost.me\/website_7fbed331\/#organization","name":"Farmacia Cubana de Palm Beach","url":"https:\/\/rax.dst.mybluehost.me\/website_7fbed331\/","logo":{"@type":"ImageObject","inLanguage":"en-US","@id":"https:\/\/rax.dst.mybluehost.me\/website_7fbed331\/#\/schema\/logo\/image\/","url":"https:\/\/i0.wp.com\/farmaciacubana.net\/wp-content\/uploads\/2024\/07\/logo-farmacia-cubana.png?fit=556%2C136&ssl=1","contentUrl":"https:\/\/i0.wp.com\/farmaciacubana.net\/wp-content\/uploads\/2024\/07\/logo-farmacia-cubana.png?fit=556%2C136&ssl=1","width":556,"height":136,"caption":"Farmacia Cubana de Palm Beach"},"image":{"@id":"https:\/\/rax.dst.mybluehost.me\/website_7fbed331\/#\/schema\/logo\/image\/"}}]}},"jetpack_sharing_enabled":true,"_links":{"self":[{"href":"https:\/\/farmaciacubana.net\/en\/wp-json\/wp\/v2\/pages\/479","targetHints":{"allow":["GET"]}}],"collection":[{"href":"https:\/\/farmaciacubana.net\/en\/wp-json\/wp\/v2\/pages"}],"about":[{"href":"https:\/\/farmaciacubana.net\/en\/wp-json\/wp\/v2\/types\/page"}],"author":[{"embeddable":true,"href":"https:\/\/farmaciacubana.net\/en\/wp-json\/wp\/v2\/users\/2"}],"replies":[{"embeddable":true,"href":"https:\/\/farmaciacubana.net\/en\/wp-json\/wp\/v2\/comments?post=479"}],"version-history":[{"count":20,"href":"https:\/\/farmaciacubana.net\/en\/wp-json\/wp\/v2\/pages\/479\/revisions"}],"predecessor-version":[{"id":508,"href":"https:\/\/farmaciacubana.net\/en\/wp-json\/wp\/v2\/pages\/479\/revisions\/508"}],"wp:attachment":[{"href":"https:\/\/farmaciacubana.net\/en\/wp-json\/wp\/v2\/media?parent=479"}],"curies":[{"name":"wp","href":"https:\/\/api.w.org\/{rel}","templated":true}]}}