{"id":409,"date":"2024-10-07T21:20:15","date_gmt":"2024-10-07T21:20:15","guid":{"rendered":"https:\/\/farmaciacubana.net\/?page_id=409"},"modified":"2024-10-09T21:02:50","modified_gmt":"2024-10-09T21:02:50","slug":"transfer-rx","status":"publish","type":"page","link":"https:\/\/farmaciacubana.net\/en\/transfer-rx\/","title":{"rendered":"Transfer Rx"},"content":{"rendered":"\t\t<div data-elementor-type=\"wp-page\" data-elementor-id=\"409\" class=\"elementor elementor-409\">\n\t\t\t\t<div class=\"elementor-element elementor-element-715465e e-flex e-con-boxed e-con e-parent\" data-id=\"715465e\" data-element_type=\"container\" data-e-type=\"container\">\n\t\t\t\t\t<div class=\"e-con-inner\">\n\t\t\t\t<div class=\"elementor-element elementor-element-70283f0 elementor-widget elementor-widget-image\" data-id=\"70283f0\" data-element_type=\"widget\" data-e-type=\"widget\" data-widget_type=\"image.default\">\n\t\t\t\t<div class=\"elementor-widget-container\">\n\t\t\t\t\t\t\t\t\t\t\t\t\t\t\t<img fetchpriority=\"high\" decoding=\"async\" width=\"800\" height=\"209\" src=\"https:\/\/i0.wp.com\/farmaciacubana.net\/wp-content\/uploads\/2024\/10\/nonhome-551421448.jpg?fit=800%2C209&amp;ssl=1\" class=\"attachment-large size-large wp-image-424\" alt=\"\" srcset=\"https:\/\/i0.wp.com\/farmaciacubana.net\/wp-content\/uploads\/2024\/10\/nonhome-551421448.jpg?w=1920&amp;ssl=1 1920w, https:\/\/i0.wp.com\/farmaciacubana.net\/wp-content\/uploads\/2024\/10\/nonhome-551421448.jpg?resize=300%2C78&amp;ssl=1 300w, https:\/\/i0.wp.com\/farmaciacubana.net\/wp-content\/uploads\/2024\/10\/nonhome-551421448.jpg?resize=1024%2C267&amp;ssl=1 1024w, https:\/\/i0.wp.com\/farmaciacubana.net\/wp-content\/uploads\/2024\/10\/nonhome-551421448.jpg?resize=768%2C200&amp;ssl=1 768w, https:\/\/i0.wp.com\/farmaciacubana.net\/wp-content\/uploads\/2024\/10\/nonhome-551421448.jpg?resize=1536%2C400&amp;ssl=1 1536w, https:\/\/i0.wp.com\/farmaciacubana.net\/wp-content\/uploads\/2024\/10\/nonhome-551421448.jpg?resize=18%2C5&amp;ssl=1 18w, https:\/\/i0.wp.com\/farmaciacubana.net\/wp-content\/uploads\/2024\/10\/nonhome-551421448.jpg?w=1600&amp;ssl=1 1600w\" sizes=\"(max-width: 800px) 100vw, 800px\" \/>\t\t\t\t\t\t\t\t\t\t\t\t\t\t\t<\/div>\n\t\t\t\t<\/div>\n\t\t\t\t\t<\/div>\n\t\t\t\t<\/div>\n\t\t<div class=\"elementor-element elementor-element-776bc35 e-flex e-con-boxed e-con e-parent\" data-id=\"776bc35\" data-element_type=\"container\" data-e-type=\"container\">\n\t\t\t\t\t<div class=\"e-con-inner\">\n\t\t\t\t<div class=\"elementor-element elementor-element-9c38ecb elementor-widget elementor-widget-heading\" data-id=\"9c38ecb\" data-element_type=\"widget\" data-e-type=\"widget\" data-widget_type=\"heading.default\">\n\t\t\t\t<div class=\"elementor-widget-container\">\n\t\t\t\t\t<h2 class=\"elementor-heading-title elementor-size-default\">Complete el siguiente formulario para transferir su prescripci\u00f3n a nuestra farmacia.<\/h2>\t\t\t\t<\/div>\n\t\t\t\t<\/div>\n\t\t\t\t\t<\/div>\n\t\t\t\t<\/div>\n\t\t<div class=\"elementor-element elementor-element-51dd494 e-flex e-con-boxed e-con e-parent\" data-id=\"51dd494\" data-element_type=\"container\" data-e-type=\"container\">\n\t\t\t\t\t<div class=\"e-con-inner\">\n\t\t\t\t<div class=\"elementor-element elementor-element-b07ef8b elementor-widget elementor-widget-wpforms\" data-id=\"b07ef8b\" data-element_type=\"widget\" data-e-type=\"widget\" data-widget_type=\"wpforms.default\">\n\t\t\t\t<div class=\"elementor-widget-container\">\n\t\t\t\t\t<div class=\"wpforms-container wpforms-container-full wpforms-render-modern\" id=\"wpforms-415\"><form id=\"wpforms-form-415\" class=\"wpforms-validate wpforms-form wpforms-ajax-form\" data-formid=\"415\" method=\"post\" enctype=\"multipart\/form-data\" action=\"\/en\/wp-json\/wp\/v2\/pages\/409\" data-token=\"a0c225986916305dbde41d9617ca6f90\" data-token-time=\"1777796241\"><noscript class=\"wpforms-error-noscript\">Please enable JavaScript in your browser to complete this form.<\/noscript><div id=\"wpforms-error-noscript\" style=\"display: none;\">Please enable JavaScript in your browser to complete this form.<\/div><div class=\"wpforms-field-container\"><div id=\"wpforms-415-field_1-container\" class=\"wpforms-field wpforms-field-name\" data-field-id=\"1\"><fieldset><legend class=\"wpforms-field-label\">Nombre <span class=\"wpforms-required-label\" aria-hidden=\"true\">*<\/span><\/legend><div class=\"wpforms-field-row wpforms-field-medium\"><div class=\"wpforms-field-row-block wpforms-first wpforms-one-half\"><input type=\"text\" id=\"wpforms-415-field_1\" class=\"wpforms-field-name-first wpforms-field-required\" name=\"wpforms[fields][1][first]\" aria-errormessage=\"wpforms-415-field_1-error\" required><label for=\"wpforms-415-field_1\" class=\"wpforms-field-sublabel after wpforms-sublabel-hide\">First<\/label><\/div><div class=\"wpforms-field-row-block wpforms-one-half\"><input type=\"text\" id=\"wpforms-415-field_1-last\" class=\"wpforms-field-name-last wpforms-field-required\" name=\"wpforms[fields][1][last]\" aria-errormessage=\"wpforms-415-field_1-last-error\" required><label for=\"wpforms-415-field_1-last\" class=\"wpforms-field-sublabel after wpforms-sublabel-hide\">Last<\/label><\/div><\/div><\/fieldset><\/div><div id=\"wpforms-415-field_9-container\" class=\"wpforms-field wpforms-field-text\" data-field-id=\"9\"><label class=\"wpforms-field-label\" for=\"wpforms-415-field_9\">Fecha de nacimiento <span class=\"wpforms-required-label\" aria-hidden=\"true\">*<\/span><\/label><input type=\"text\" id=\"wpforms-415-field_9\" class=\"wpforms-field-medium wpforms-field-required wpforms-masked-input\" data-rule-inputmask-incomplete=\"1\" data-inputmask-mask=\"99\/99\/9999\" name=\"wpforms[fields][9]\" aria-errormessage=\"wpforms-415-field_9-error\" required><\/div><div id=\"wpforms-415-field_10-container\" class=\"wpforms-field wpforms-field-text\" data-field-id=\"10\"><label class=\"wpforms-field-label\" for=\"wpforms-415-field_10\">Tel\u00e9fono <span class=\"wpforms-required-label\" aria-hidden=\"true\">*<\/span><\/label><input type=\"text\" id=\"wpforms-415-field_10\" class=\"wpforms-field-medium wpforms-field-required wpforms-masked-input\" data-rule-inputmask-incomplete=\"1\" data-inputmask-mask=\"(999)999-9999\" name=\"wpforms[fields][10]\" aria-errormessage=\"wpforms-415-field_10-error\" required><\/div><div id=\"wpforms-415-field_8-container\" class=\"wpforms-field wpforms-field-email\" data-field-id=\"8\"><label class=\"wpforms-field-label\" for=\"wpforms-415-field_8\">Email<\/label><input type=\"email\" id=\"wpforms-415-field_8\" class=\"wpforms-field-medium\" name=\"wpforms[fields][8]\" spellcheck=\"false\" aria-errormessage=\"wpforms-415-field_8-error\" ><\/div><div id=\"wpforms-415-field_11-container\" class=\"wpforms-field wpforms-field-text\" data-field-id=\"11\"><label class=\"wpforms-field-label\" for=\"wpforms-415-field_11\">Direcci\u00f3n<\/label><input type=\"text\" id=\"wpforms-415-field_11\" class=\"wpforms-field-medium\" name=\"wpforms[fields][11]\" aria-errormessage=\"wpforms-415-field_11-error\" ><\/div><div id=\"wpforms-415-field_12-container\" class=\"wpforms-field wpforms-field-text\" data-field-id=\"12\"><label class=\"wpforms-field-label\" for=\"wpforms-415-field_12\">Nombre de la Farmacia <span class=\"wpforms-required-label\" aria-hidden=\"true\">*<\/span><\/label><input type=\"text\" id=\"wpforms-415-field_12\" class=\"wpforms-field-medium wpforms-field-required\" name=\"wpforms[fields][12]\" aria-errormessage=\"wpforms-415-field_12-error\" required><\/div><div id=\"wpforms-415-field_13-container\" class=\"wpforms-field wpforms-field-text\" data-field-id=\"13\"><label class=\"wpforms-field-label\" for=\"wpforms-415-field_13\">Tel\u00e9fono de la farmacia <span class=\"wpforms-required-label\" aria-hidden=\"true\">*<\/span><\/label><input type=\"text\" id=\"wpforms-415-field_13\" class=\"wpforms-field-medium wpforms-field-required wpforms-masked-input\" data-rule-inputmask-incomplete=\"1\" data-inputmask-mask=\"(999)999-9999\" name=\"wpforms[fields][13]\" aria-errormessage=\"wpforms-415-field_13-error\" required><\/div>\t\t<div id=\"wpforms-415-field_2-container\"\n\t\t\tclass=\"wpforms-field wpforms-field-text\"\n\t\t\tdata-field-type=\"text\"\n\t\t\tdata-field-id=\"2\"\n\t\t\t>\n\t\t\t<label class=\"wpforms-field-label\" for=\"wpforms-415-field_2\" >de prescripci\u00f3n la<\/label>\n\t\t\t<input type=\"text\" id=\"wpforms-415-field_2\" class=\"wpforms-field-medium\" name=\"wpforms[fields][2]\" >\n\t\t<\/div>\n\t\t<div id=\"wpforms-415-field_14-container\" class=\"wpforms-field wpforms-field-text\" data-field-id=\"14\"><label class=\"wpforms-field-label\" for=\"wpforms-415-field_14\">N\u00famero de la prescripci\u00f3n <span class=\"wpforms-required-label\" aria-hidden=\"true\">*<\/span><\/label><input type=\"text\" id=\"wpforms-415-field_14\" class=\"wpforms-field-medium wpforms-field-required\" name=\"wpforms[fields][14]\" placeholder=\"rx1, rx2, rx3 ...\" aria-errormessage=\"wpforms-415-field_14-error\" required><\/div><div id=\"wpforms-415-field_7-container\" class=\"wpforms-field wpforms-field-textarea\" data-field-id=\"7\"><label class=\"wpforms-field-label\" for=\"wpforms-415-field_7\">Comentarios<\/label><textarea id=\"wpforms-415-field_7\" class=\"wpforms-field-medium\" name=\"wpforms[fields][7]\" aria-errormessage=\"wpforms-415-field_7-error\" ><\/textarea><\/div><script>\n\t\t\t\t( function() {\n\t\t\t\t\tconst style = document.createElement( 'style' );\n\t\t\t\t\tstyle.appendChild( document.createTextNode( '#wpforms-415-field_2-container { position: absolute !important; overflow: hidden !important; display: inline !important; height: 1px !important; width: 1px !important; z-index: -1000 !important; padding: 0 !important; } #wpforms-415-field_2-container input { visibility: hidden; } #wpforms-conversational-form-page #wpforms-415-field_2-container label { counter-increment: none; }' ) );\n\t\t\t\t\tdocument.head.appendChild( style );\n\t\t\t\t\tdocument.currentScript?.remove();\n\t\t\t\t} )();\n\t\t\t<\/script><\/div><!-- .wpforms-field-container --><div class=\"wpforms-submit-container\" ><input type=\"hidden\" name=\"wpforms[id]\" value=\"415\"><input type=\"hidden\" name=\"page_title\" value=\"\"><input type=\"hidden\" name=\"page_url\" value=\"https:\/\/farmaciacubana.net\/en\/wp-json\/wp\/v2\/pages\/409\"><input type=\"hidden\" name=\"url_referer\" value=\"\"><button type=\"submit\" name=\"wpforms[submit]\" id=\"wpforms-submit-415\" class=\"wpforms-submit\" data-alt-text=\"Enviando...\" data-submit-text=\"Enviar\" aria-live=\"assertive\" value=\"wpforms-submit\">Enviar<\/button><img decoding=\"async\" src=\"https:\/\/farmaciacubana.net\/wp-content\/plugins\/wpforms-lite\/assets\/images\/submit-spin.svg\" class=\"wpforms-submit-spinner\" style=\"display: none;\" width=\"26\" height=\"26\" alt=\"Loading\"><\/div><\/form><\/div>  <!-- .wpforms-container -->\t\t\t\t<\/div>\n\t\t\t\t<\/div>\n\t\t\t\t\t<\/div>\n\t\t\t\t<\/div>\n\t\t\t\t<\/div>\n\t\t","protected":false},"excerpt":{"rendered":"<p>Complete el siguiente formulario para transferir su prescripci\u00f3n a nuestra farmacia. Please enable JavaScript in your browser to complete this form.Please enable JavaScript in your browser to complete this form. Nombre * FirstLast Fecha de nacimiento *Tel\u00e9fono *EmailDirecci\u00f3nNombre de la Farmacia *Tel\u00e9fono de la farmacia *N\u00famero de la prescripci\u00f3n *Comentarios Enviar<\/p>","protected":false},"author":2,"featured_media":0,"parent":0,"menu_order":0,"comment_status":"closed","ping_status":"closed","template":"","meta":{"nf_dc_page":"","om_disable_all_campaigns":false,"_monsterinsights_skip_tracking":false,"_monsterinsights_sitenote_active":false,"_monsterinsights_sitenote_note":"","_monsterinsights_sitenote_category":0,"footnotes":""},"class_list":["post-409","page","type-page","status-publish","hentry"],"yoast_head":"<!-- This site is optimized with the Yoast SEO plugin v27.5 - https:\/\/yoast.com\/product\/yoast-seo-wordpress\/ -->\n<title>Transferir Rx - Farmacia Cubana de Palm Beach<\/title>\n<meta name=\"robots\" content=\"index, follow, max-snippet:-1, max-image-preview:large, max-video-preview:-1\" \/>\n<link rel=\"canonical\" href=\"https:\/\/farmaciacubana.net\/en\/transfer-rx\/\" \/>\n<meta property=\"og:locale\" content=\"en_US\" \/>\n<meta property=\"og:type\" content=\"article\" \/>\n<meta property=\"og:title\" content=\"Transferir Rx - Farmacia Cubana de Palm Beach\" \/>\n<meta property=\"og:description\" content=\"Complete el siguiente formulario para transferir su prescripci\u00f3n a nuestra farmacia. Please enable JavaScript in your browser to complete this form.Please enable JavaScript in your browser to complete this form. Nombre * FirstLast Fecha de nacimiento *Tel\u00e9fono *EmailDirecci\u00f3nNombre de la Farmacia *Tel\u00e9fono de la farmacia *N\u00famero de la prescripci\u00f3n *Comentarios Enviar\" \/>\n<meta property=\"og:url\" content=\"https:\/\/farmaciacubana.net\/en\/transfer-rx\/\" \/>\n<meta property=\"og:site_name\" content=\"Farmacia Cubana de Palm Beach\" \/>\n<meta property=\"article:modified_time\" content=\"2024-10-09T21:02:50+00:00\" \/>\n<meta property=\"og:image\" content=\"https:\/\/i0.wp.com\/farmaciacubana.net\/wp-content\/uploads\/2024\/10\/nonhome-551421448.jpg?fit=1920%2C500&ssl=1\" \/>\n\t<meta property=\"og:image:width\" content=\"1920\" \/>\n\t<meta property=\"og:image:height\" content=\"500\" \/>\n\t<meta property=\"og:image:type\" content=\"image\/jpeg\" \/>\n<meta name=\"twitter:card\" content=\"summary_large_image\" \/>\n<meta name=\"twitter:label1\" content=\"Est. reading time\" \/>\n\t<meta name=\"twitter:data1\" content=\"1 minute\" \/>\n<script type=\"application\/ld+json\" class=\"yoast-schema-graph\">{\"@context\":\"https:\\\/\\\/schema.org\",\"@graph\":[{\"@type\":\"WebPage\",\"@id\":\"https:\\\/\\\/farmaciacubana.net\\\/transfer-rx\\\/\",\"url\":\"https:\\\/\\\/farmaciacubana.net\\\/transfer-rx\\\/\",\"name\":\"Transferir Rx - Farmacia Cubana de Palm Beach\",\"isPartOf\":{\"@id\":\"https:\\\/\\\/rax.dst.mybluehost.me\\\/website_7fbed331\\\/#website\"},\"primaryImageOfPage\":{\"@id\":\"https:\\\/\\\/farmaciacubana.net\\\/transfer-rx\\\/#primaryimage\"},\"image\":{\"@id\":\"https:\\\/\\\/farmaciacubana.net\\\/transfer-rx\\\/#primaryimage\"},\"thumbnailUrl\":\"https:\\\/\\\/farmaciacubana.net\\\/wp-content\\\/uploads\\\/2024\\\/10\\\/nonhome-551421448-1024x267.jpg\",\"datePublished\":\"2024-10-07T21:20:15+00:00\",\"dateModified\":\"2024-10-09T21:02:50+00:00\",\"breadcrumb\":{\"@id\":\"https:\\\/\\\/farmaciacubana.net\\\/transfer-rx\\\/#breadcrumb\"},\"inLanguage\":\"en-US\",\"potentialAction\":[{\"@type\":\"ReadAction\",\"target\":[\"https:\\\/\\\/farmaciacubana.net\\\/transfer-rx\\\/\"]}]},{\"@type\":\"ImageObject\",\"inLanguage\":\"en-US\",\"@id\":\"https:\\\/\\\/farmaciacubana.net\\\/transfer-rx\\\/#primaryimage\",\"url\":\"https:\\\/\\\/farmaciacubana.net\\\/wp-content\\\/uploads\\\/2024\\\/10\\\/nonhome-551421448-1024x267.jpg\",\"contentUrl\":\"https:\\\/\\\/farmaciacubana.net\\\/wp-content\\\/uploads\\\/2024\\\/10\\\/nonhome-551421448-1024x267.jpg\"},{\"@type\":\"BreadcrumbList\",\"@id\":\"https:\\\/\\\/farmaciacubana.net\\\/transfer-rx\\\/#breadcrumb\",\"itemListElement\":[{\"@type\":\"ListItem\",\"position\":1,\"name\":\"Home\",\"item\":\"https:\\\/\\\/farmaciacubana.net\\\/\"},{\"@type\":\"ListItem\",\"position\":2,\"name\":\"Transferir Rx\"}]},{\"@type\":\"WebSite\",\"@id\":\"https:\\\/\\\/rax.dst.mybluehost.me\\\/website_7fbed331\\\/#website\",\"url\":\"https:\\\/\\\/rax.dst.mybluehost.me\\\/website_7fbed331\\\/\",\"name\":\"Farmacia Cubana de Palm Beach\",\"description\":\"\",\"publisher\":{\"@id\":\"https:\\\/\\\/rax.dst.mybluehost.me\\\/website_7fbed331\\\/#organization\"},\"potentialAction\":[{\"@type\":\"SearchAction\",\"target\":{\"@type\":\"EntryPoint\",\"urlTemplate\":\"https:\\\/\\\/rax.dst.mybluehost.me\\\/website_7fbed331\\\/?s={search_term_string}\"},\"query-input\":{\"@type\":\"PropertyValueSpecification\",\"valueRequired\":true,\"valueName\":\"search_term_string\"}}],\"inLanguage\":\"en-US\"},{\"@type\":\"Organization\",\"@id\":\"https:\\\/\\\/rax.dst.mybluehost.me\\\/website_7fbed331\\\/#organization\",\"name\":\"Farmacia Cubana de Palm Beach\",\"url\":\"https:\\\/\\\/rax.dst.mybluehost.me\\\/website_7fbed331\\\/\",\"logo\":{\"@type\":\"ImageObject\",\"inLanguage\":\"en-US\",\"@id\":\"https:\\\/\\\/rax.dst.mybluehost.me\\\/website_7fbed331\\\/#\\\/schema\\\/logo\\\/image\\\/\",\"url\":\"https:\\\/\\\/i0.wp.com\\\/farmaciacubana.net\\\/wp-content\\\/uploads\\\/2024\\\/07\\\/logo-farmacia-cubana.png?fit=556%2C136&ssl=1\",\"contentUrl\":\"https:\\\/\\\/i0.wp.com\\\/farmaciacubana.net\\\/wp-content\\\/uploads\\\/2024\\\/07\\\/logo-farmacia-cubana.png?fit=556%2C136&ssl=1\",\"width\":556,\"height\":136,\"caption\":\"Farmacia Cubana de Palm Beach\"},\"image\":{\"@id\":\"https:\\\/\\\/rax.dst.mybluehost.me\\\/website_7fbed331\\\/#\\\/schema\\\/logo\\\/image\\\/\"}}]}<\/script>\n<!-- \/ Yoast SEO plugin. -->","yoast_head_json":{"title":"Transferir Rx - Farmacia Cubana de Palm Beach","robots":{"index":"index","follow":"follow","max-snippet":"max-snippet:-1","max-image-preview":"max-image-preview:large","max-video-preview":"max-video-preview:-1"},"canonical":"https:\/\/farmaciacubana.net\/en\/transfer-rx\/","og_locale":"en_US","og_type":"article","og_title":"Transferir Rx - Farmacia Cubana de Palm Beach","og_description":"Complete el siguiente formulario para transferir su prescripci\u00f3n a nuestra farmacia. Please enable JavaScript in your browser to complete this form.Please enable JavaScript in your browser to complete this form. Nombre * FirstLast Fecha de nacimiento *Tel\u00e9fono *EmailDirecci\u00f3nNombre de la Farmacia *Tel\u00e9fono de la farmacia *N\u00famero de la prescripci\u00f3n *Comentarios Enviar","og_url":"https:\/\/farmaciacubana.net\/en\/transfer-rx\/","og_site_name":"Farmacia Cubana de Palm Beach","article_modified_time":"2024-10-09T21:02:50+00:00","og_image":[{"width":1920,"height":500,"url":"https:\/\/i0.wp.com\/farmaciacubana.net\/wp-content\/uploads\/2024\/10\/nonhome-551421448.jpg?fit=1920%2C500&ssl=1","type":"image\/jpeg"}],"twitter_card":"summary_large_image","twitter_misc":{"Est. reading time":"1 minute"},"schema":{"@context":"https:\/\/schema.org","@graph":[{"@type":"WebPage","@id":"https:\/\/farmaciacubana.net\/transfer-rx\/","url":"https:\/\/farmaciacubana.net\/transfer-rx\/","name":"Transferir Rx - Farmacia Cubana de Palm Beach","isPartOf":{"@id":"https:\/\/rax.dst.mybluehost.me\/website_7fbed331\/#website"},"primaryImageOfPage":{"@id":"https:\/\/farmaciacubana.net\/transfer-rx\/#primaryimage"},"image":{"@id":"https:\/\/farmaciacubana.net\/transfer-rx\/#primaryimage"},"thumbnailUrl":"https:\/\/farmaciacubana.net\/wp-content\/uploads\/2024\/10\/nonhome-551421448-1024x267.jpg","datePublished":"2024-10-07T21:20:15+00:00","dateModified":"2024-10-09T21:02:50+00:00","breadcrumb":{"@id":"https:\/\/farmaciacubana.net\/transfer-rx\/#breadcrumb"},"inLanguage":"en-US","potentialAction":[{"@type":"ReadAction","target":["https:\/\/farmaciacubana.net\/transfer-rx\/"]}]},{"@type":"ImageObject","inLanguage":"en-US","@id":"https:\/\/farmaciacubana.net\/transfer-rx\/#primaryimage","url":"https:\/\/farmaciacubana.net\/wp-content\/uploads\/2024\/10\/nonhome-551421448-1024x267.jpg","contentUrl":"https:\/\/farmaciacubana.net\/wp-content\/uploads\/2024\/10\/nonhome-551421448-1024x267.jpg"},{"@type":"BreadcrumbList","@id":"https:\/\/farmaciacubana.net\/transfer-rx\/#breadcrumb","itemListElement":[{"@type":"ListItem","position":1,"name":"Home","item":"https:\/\/farmaciacubana.net\/"},{"@type":"ListItem","position":2,"name":"Transferir Rx"}]},{"@type":"WebSite","@id":"https:\/\/rax.dst.mybluehost.me\/website_7fbed331\/#website","url":"https:\/\/rax.dst.mybluehost.me\/website_7fbed331\/","name":"Farmacia Cubana de Palm Beach","description":"","publisher":{"@id":"https:\/\/rax.dst.mybluehost.me\/website_7fbed331\/#organization"},"potentialAction":[{"@type":"SearchAction","target":{"@type":"EntryPoint","urlTemplate":"https:\/\/rax.dst.mybluehost.me\/website_7fbed331\/?s={search_term_string}"},"query-input":{"@type":"PropertyValueSpecification","valueRequired":true,"valueName":"search_term_string"}}],"inLanguage":"en-US"},{"@type":"Organization","@id":"https:\/\/rax.dst.mybluehost.me\/website_7fbed331\/#organization","name":"Farmacia Cubana de Palm Beach","url":"https:\/\/rax.dst.mybluehost.me\/website_7fbed331\/","logo":{"@type":"ImageObject","inLanguage":"en-US","@id":"https:\/\/rax.dst.mybluehost.me\/website_7fbed331\/#\/schema\/logo\/image\/","url":"https:\/\/i0.wp.com\/farmaciacubana.net\/wp-content\/uploads\/2024\/07\/logo-farmacia-cubana.png?fit=556%2C136&ssl=1","contentUrl":"https:\/\/i0.wp.com\/farmaciacubana.net\/wp-content\/uploads\/2024\/07\/logo-farmacia-cubana.png?fit=556%2C136&ssl=1","width":556,"height":136,"caption":"Farmacia Cubana de Palm Beach"},"image":{"@id":"https:\/\/rax.dst.mybluehost.me\/website_7fbed331\/#\/schema\/logo\/image\/"}}]}},"jetpack_sharing_enabled":true,"_links":{"self":[{"href":"https:\/\/farmaciacubana.net\/en\/wp-json\/wp\/v2\/pages\/409","targetHints":{"allow":["GET"]}}],"collection":[{"href":"https:\/\/farmaciacubana.net\/en\/wp-json\/wp\/v2\/pages"}],"about":[{"href":"https:\/\/farmaciacubana.net\/en\/wp-json\/wp\/v2\/types\/page"}],"author":[{"embeddable":true,"href":"https:\/\/farmaciacubana.net\/en\/wp-json\/wp\/v2\/users\/2"}],"replies":[{"embeddable":true,"href":"https:\/\/farmaciacubana.net\/en\/wp-json\/wp\/v2\/comments?post=409"}],"version-history":[{"count":20,"href":"https:\/\/farmaciacubana.net\/en\/wp-json\/wp\/v2\/pages\/409\/revisions"}],"predecessor-version":[{"id":436,"href":"https:\/\/farmaciacubana.net\/en\/wp-json\/wp\/v2\/pages\/409\/revisions\/436"}],"wp:attachment":[{"href":"https:\/\/farmaciacubana.net\/en\/wp-json\/wp\/v2\/media?parent=409"}],"curies":[{"name":"wp","href":"https:\/\/api.w.org\/{rel}","templated":true}]}}